{"id":3491,"date":"2020-11-24T16:08:21","date_gmt":"2020-11-24T15:08:21","guid":{"rendered":"http:\/\/agence-petit-gastronome.fr\/dev\/reon\/le-bistrot\/"},"modified":"2023-01-19T10:55:46","modified_gmt":"2023-01-19T09:55:46","slug":"le-bistrot","status":"publish","type":"page","link":"https:\/\/www.bistrot-pastiere.fr\/en\/le-bistrot\/","title":{"rendered":"The Bistrot"},"content":{"rendered":"\t\t<div data-elementor-type=\"wp-post\" data-elementor-id=\"3491\" class=\"elementor elementor-3491\" data-elementor-settings=\"[]\">\n\t\t\t\t\t\t<div class=\"elementor-inner\">\n\t\t\t\t\t\t\t<div class=\"elementor-section-wrap\">\n\t\t\t\t\t\t\t<section class=\"elementor-section elementor-top-section elementor-element elementor-element-1f1adab elementor-section-full_width elementor-section-height-default elementor-section-height-default\" data-id=\"1f1adab\" data-element_type=\"section\">\n\t\t\t\t\t\t<div class=\"elementor-container elementor-column-gap-no\">\n\t\t\t\t\t\t\t<div class=\"elementor-row\">\n\t\t\t\t\t<div class=\"elementor-column elementor-col-100 elementor-top-column elementor-element elementor-element-df0a6d6\" data-id=\"df0a6d6\" data-element_type=\"column\">\n\t\t\t<div class=\"elementor-column-wrap elementor-element-populated\">\n\t\t\t\t\t\t\t<div class=\"elementor-widget-wrap\">\n\t\t\t\t\t\t<div class=\"elementor-element elementor-element-6ca9f95 elementor-widget elementor-widget-ova_heading\" data-id=\"6ca9f95\" data-element_type=\"widget\" data-widget_type=\"ova_heading.default\">\n\t\t\t\t<div class=\"elementor-widget-container\">\n\t\t\t\t\t\t\t<section class=\"breadcrumb-menu-v2 breadcrumb-section section-box\" style=\"background-image: url(https:\/\/www.bistrot-pastiere.fr\/wp-content\/uploads\/2023\/01\/2H3A4274-1.jpg)\">\n\t\t\t\t<div class=\"container\">\n\t\t\t\t\t<div class=\"breadcrumb-inner\">\n\t\t\t\t\t\t\t\t\t\t\t\t\t<h1>Le Bistrot de la Pasti\u00e8re<\/h1>\n\t\t\t\t\t\t\t\t\t\t\t\t\t\t\t\t\t<\/div>\t\n\t\t\t\t<\/div>\n\t\t\t<\/section>\n\t\t\t\t\t<\/div>\n\t\t\t\t<\/div>\n\t\t\t\t\t\t<\/div>\n\t\t\t\t\t<\/div>\n\t\t<\/div>\n\t\t\t\t\t\t\t\t<\/div>\n\t\t\t\t\t<\/div>\n\t\t<\/section>\n\t\t\t\t<section class=\"elementor-section elementor-top-section elementor-element elementor-element-480ea15 elementor-section-boxed elementor-section-height-default elementor-section-height-default\" data-id=\"480ea15\" data-element_type=\"section\">\n\t\t\t\t\t\t<div class=\"elementor-container elementor-column-gap-default\">\n\t\t\t\t\t\t\t<div class=\"elementor-row\">\n\t\t\t\t\t<div class=\"elementor-column elementor-col-100 elementor-top-column elementor-element elementor-element-9f837b0\" data-id=\"9f837b0\" data-element_type=\"column\">\n\t\t\t<div class=\"elementor-column-wrap elementor-element-populated\">\n\t\t\t\t\t\t\t<div class=\"elementor-widget-wrap\">\n\t\t\t\t\t\t<div class=\"elementor-element elementor-element-911417a elementor-widget elementor-widget-spacer\" data-id=\"911417a\" data-element_type=\"widget\" data-widget_type=\"spacer.default\">\n\t\t\t\t<div class=\"elementor-widget-container\">\n\t\t\t\t\t<div class=\"elementor-spacer\">\n\t\t\t<div class=\"elementor-spacer-inner\"><\/div>\n\t\t<\/div>\n\t\t\t\t<\/div>\n\t\t\t\t<\/div>\n\t\t\t\t\t\t<\/div>\n\t\t\t\t\t<\/div>\n\t\t<\/div>\n\t\t\t\t\t\t\t\t<\/div>\n\t\t\t\t\t<\/div>\n\t\t<\/section>\n\t\t\t\t<section class=\"elementor-section elementor-top-section elementor-element elementor-element-7e2dd0d elementor-section-boxed elementor-section-height-default elementor-section-height-default\" data-id=\"7e2dd0d\" data-element_type=\"section\">\n\t\t\t\t\t\t<div class=\"elementor-container elementor-column-gap-default\">\n\t\t\t\t\t\t\t<div class=\"elementor-row\">\n\t\t\t\t\t<div class=\"elementor-column elementor-col-33 elementor-top-column elementor-element elementor-element-f5d7035\" data-id=\"f5d7035\" data-element_type=\"column\">\n\t\t\t<div class=\"elementor-column-wrap\">\n\t\t\t\t\t\t\t<div class=\"elementor-widget-wrap\">\n\t\t\t\t\t\t\t\t<\/div>\n\t\t\t\t\t<\/div>\n\t\t<\/div>\n\t\t\t\t<div class=\"elementor-column elementor-col-33 elementor-top-column elementor-element elementor-element-77c043f\" data-id=\"77c043f\" data-element_type=\"column\">\n\t\t\t<div class=\"elementor-column-wrap elementor-element-populated\">\n\t\t\t\t\t\t\t<div class=\"elementor-widget-wrap\">\n\t\t\t\t\t\t<div class=\"elementor-element elementor-element-7d1c4fb elementor-widget elementor-widget-ova_heading\" data-id=\"7d1c4fb\" data-element_type=\"widget\" data-widget_type=\"ova_heading.default\">\n\t\t\t\t<div class=\"elementor-widget-container\">\n\t\t\t\t\t\t\t\t<div class=\"ova-heading\">\n\t\t\t\t\t\t\t\t\t\t\t\t\t<h3 class=\"special-heading main-color three_font\">Le Bistrot de la Pasti\u00e8re<\/h3>\n\t\t\t\t\t\t\t\t\t\t\t\t\t\t\t\t\t\t\t<h2 class=\"special-heading-1 second_font\">CHATEAUNEUF-DE-GADAGNE<\/h2>\n\t\t\t\t\t\t\t\t\t\t\t<\/div>\n\t\t\t\t\t\t<\/div>\n\t\t\t\t<\/div>\n\t\t\t\t<div class=\"elementor-element elementor-element-6eb69af elementor-widget elementor-widget-text-editor\" data-id=\"6eb69af\" data-element_type=\"widget\" data-widget_type=\"text-editor.default\">\n\t\t\t\t<div class=\"elementor-widget-container\">\n\t\t\t\t\t<div class=\"elementor-text-editor elementor-clearfix\"><p>Located in Chateauneuf-de-Gadagne in the Vaucluse, le Bistrot de la Pasti\u00e8re offers you a cuisine between terroir and Italy, and this always with fresh products carefully selected by our Chef Thomas Glucksmann. Because enjoying the Provence is also enjoying the proven\u00e7ale gastronomie: a true way of life! <br><\/p>\n<p>So, let us be your guide and discover our menu: from pizzas with tiramisu to &#8220;Pied Paquet&#8221; made in Marseille&#8217;s way, come discover a mediterranean cuisine that will delight the young and old alike !<br><\/p><\/div>\n\t\t\t\t<\/div>\n\t\t\t\t<\/div>\n\t\t\t\t\t\t<\/div>\n\t\t\t\t\t<\/div>\n\t\t<\/div>\n\t\t\t\t<div class=\"elementor-column elementor-col-33 elementor-top-column elementor-element elementor-element-de9e40b\" data-id=\"de9e40b\" data-element_type=\"column\">\n\t\t\t<div class=\"elementor-column-wrap\">\n\t\t\t\t\t\t\t<div class=\"elementor-widget-wrap\">\n\t\t\t\t\t\t\t\t<\/div>\n\t\t\t\t\t<\/div>\n\t\t<\/div>\n\t\t\t\t\t\t\t\t<\/div>\n\t\t\t\t\t<\/div>\n\t\t<\/section>\n\t\t\t\t<section class=\"elementor-section elementor-top-section elementor-element elementor-element-c303af9 elementor-section-boxed elementor-section-height-default elementor-section-height-default\" data-id=\"c303af9\" data-element_type=\"section\">\n\t\t\t\t\t\t<div class=\"elementor-container elementor-column-gap-default\">\n\t\t\t\t\t\t\t<div class=\"elementor-row\">\n\t\t\t\t\t<div class=\"elementor-column elementor-col-100 elementor-top-column elementor-element elementor-element-6f3b8a6\" data-id=\"6f3b8a6\" data-element_type=\"column\">\n\t\t\t<div class=\"elementor-column-wrap elementor-element-populated\">\n\t\t\t\t\t\t\t<div class=\"elementor-widget-wrap\">\n\t\t\t\t\t\t<div class=\"elementor-element elementor-element-c96d0ac elementor-widget elementor-widget-ova_gallery_v1\" data-id=\"c96d0ac\" data-element_type=\"widget\" data-widget_type=\"ova_gallery_v1.default\">\n\t\t\t\t<div class=\"elementor-widget-container\">\n\t\t\t\n\t\t<section class=\"gallery-section-v1 gallery-hp-1\">\n\t\t\t<div class=\"container\">\n\t\t\t\t<div class=\"gallery-content\">\n\t\t\t\t\t<div class=\"row\">\n\t\t\t\t\t\t\t\t\t\t\t\t\t<div class=\"col-xl-4 col-lg-4 col-md-4 col-sm-6 col-12\">\n\t\t\t\t\t\t\t\t<div class=\"gallery-detail\"> \n\t\t\t\t\t\t\t\t\t<figure>\n\t\t\t\t\t\t\t\t\t\t<img src=\"http:\/\/www.bistrot-pastiere.fr\/wp-content\/uploads\/2020\/11\/galerie1.jpg\" srcset=\"https:\/\/www.bistrot-pastiere.fr\/wp-content\/uploads\/2020\/11\/galerie1-300x232.jpg 300w, https:\/\/www.bistrot-pastiere.fr\/wp-content\/uploads\/2020\/11\/galerie1.jpg 725w\" alt=\"\">\n\t\t\t\t\t\t\t\t\t<\/figure>\n\t\t\t\t\t\t\t\t\t<div class=\"overlay\"><\/div>\n\t\t\t\t\t\t\t\t\t<div class=\"gallery-zoom\">\n\t\t\t\t\t\t\t\t\t\t<a href=\"http:\/\/www.bistrot-pastiere.fr\/wp-content\/uploads\/2020\/11\/galerie1.jpg\" data-fancybox=\"gallery\" class=\"gallery-elements\">\n\t\t\t\t\t\t\t\t\t\t\t<i class=\"zmdi zmdi-search\"><\/i>\n\t\t\t\t\t\t\t\t\t\t<\/a>\n\t\t\t\t\t\t\t\t\t<\/div>\n\t\t\t\t\t\t\t\t<\/div>\n\t\t\t\t\t\t\t<\/div>\n\t\t\t\t\t\t\t\t\t\t\t\t\t<div class=\"col-xl-4 col-lg-4 col-md-4 col-sm-6 col-12\">\n\t\t\t\t\t\t\t\t<div class=\"gallery-detail\"> \n\t\t\t\t\t\t\t\t\t<figure>\n\t\t\t\t\t\t\t\t\t\t<img src=\"http:\/\/www.bistrot-pastiere.fr\/wp-content\/uploads\/2020\/11\/galerie5.jpg\" srcset=\"https:\/\/www.bistrot-pastiere.fr\/wp-content\/uploads\/2020\/11\/galerie5-300x232.jpg 300w, https:\/\/www.bistrot-pastiere.fr\/wp-content\/uploads\/2020\/11\/galerie5.jpg 725w\" alt=\"\">\n\t\t\t\t\t\t\t\t\t<\/figure>\n\t\t\t\t\t\t\t\t\t<div class=\"overlay\"><\/div>\n\t\t\t\t\t\t\t\t\t<div class=\"gallery-zoom\">\n\t\t\t\t\t\t\t\t\t\t<a href=\"http:\/\/www.bistrot-pastiere.fr\/wp-content\/uploads\/2020\/11\/galerie5.jpg\" data-fancybox=\"gallery\" class=\"gallery-elements\">\n\t\t\t\t\t\t\t\t\t\t\t<i class=\"zmdi zmdi-search\"><\/i>\n\t\t\t\t\t\t\t\t\t\t<\/a>\n\t\t\t\t\t\t\t\t\t<\/div>\n\t\t\t\t\t\t\t\t<\/div>\n\t\t\t\t\t\t\t<\/div>\n\t\t\t\t\t\t\t\t\t\t\t\t\t<div class=\"col-xl-4 col-lg-4 col-md-4 col-sm-6 col-12\">\n\t\t\t\t\t\t\t\t<div class=\"gallery-detail\"> \n\t\t\t\t\t\t\t\t\t<figure>\n\t\t\t\t\t\t\t\t\t\t<img src=\"https:\/\/www.bistrot-pastiere.fr\/wp-content\/uploads\/2023\/01\/AAA-2H3A4289.jpg\" srcset=\"https:\/\/www.bistrot-pastiere.fr\/wp-content\/uploads\/2023\/01\/AAA-2H3A4289-300x232.jpg 300w, https:\/\/www.bistrot-pastiere.fr\/wp-content\/uploads\/2023\/01\/AAA-2H3A4289.jpg 725w\" alt=\"\">\n\t\t\t\t\t\t\t\t\t<\/figure>\n\t\t\t\t\t\t\t\t\t<div class=\"overlay\"><\/div>\n\t\t\t\t\t\t\t\t\t<div class=\"gallery-zoom\">\n\t\t\t\t\t\t\t\t\t\t<a href=\"https:\/\/www.bistrot-pastiere.fr\/wp-content\/uploads\/2023\/01\/AAA-2H3A4289.jpg\" data-fancybox=\"gallery\" class=\"gallery-elements\">\n\t\t\t\t\t\t\t\t\t\t\t<i class=\"zmdi zmdi-search\"><\/i>\n\t\t\t\t\t\t\t\t\t\t<\/a>\n\t\t\t\t\t\t\t\t\t<\/div>\n\t\t\t\t\t\t\t\t<\/div>\n\t\t\t\t\t\t\t<\/div>\n\t\t\t\t\t\t\t\t\t\t\t\t\t<div class=\"col-xl-4 col-lg-4 col-md-4 col-sm-6 col-12\">\n\t\t\t\t\t\t\t\t<div class=\"gallery-detail\"> \n\t\t\t\t\t\t\t\t\t<figure>\n\t\t\t\t\t\t\t\t\t\t<img src=\"https:\/\/www.bistrot-pastiere.fr\/wp-content\/uploads\/2023\/01\/AAA-2H3A4319.jpg\" srcset=\"https:\/\/www.bistrot-pastiere.fr\/wp-content\/uploads\/2023\/01\/AAA-2H3A4319-300x232.jpg 300w, https:\/\/www.bistrot-pastiere.fr\/wp-content\/uploads\/2023\/01\/AAA-2H3A4319.jpg 725w\" alt=\"\">\n\t\t\t\t\t\t\t\t\t<\/figure>\n\t\t\t\t\t\t\t\t\t<div class=\"overlay\"><\/div>\n\t\t\t\t\t\t\t\t\t<div class=\"gallery-zoom\">\n\t\t\t\t\t\t\t\t\t\t<a href=\"https:\/\/www.bistrot-pastiere.fr\/wp-content\/uploads\/2023\/01\/AAA-2H3A4319.jpg\" data-fancybox=\"gallery\" class=\"gallery-elements\">\n\t\t\t\t\t\t\t\t\t\t\t<i class=\"zmdi zmdi-search\"><\/i>\n\t\t\t\t\t\t\t\t\t\t<\/a>\n\t\t\t\t\t\t\t\t\t<\/div>\n\t\t\t\t\t\t\t\t<\/div>\n\t\t\t\t\t\t\t<\/div>\n\t\t\t\t\t\t\t\t\t\t\t\t\t<div class=\"col-xl-4 col-lg-4 col-md-4 col-sm-6 col-12\">\n\t\t\t\t\t\t\t\t<div class=\"gallery-detail\"> \n\t\t\t\t\t\t\t\t\t<figure>\n\t\t\t\t\t\t\t\t\t\t<img src=\"http:\/\/www.bistrot-pastiere.fr\/wp-content\/uploads\/2020\/11\/galerie2.jpg\" srcset=\"https:\/\/www.bistrot-pastiere.fr\/wp-content\/uploads\/2020\/11\/galerie2-300x232.jpg 300w, https:\/\/www.bistrot-pastiere.fr\/wp-content\/uploads\/2020\/11\/galerie2.jpg 725w\" alt=\"\">\n\t\t\t\t\t\t\t\t\t<\/figure>\n\t\t\t\t\t\t\t\t\t<div class=\"overlay\"><\/div>\n\t\t\t\t\t\t\t\t\t<div class=\"gallery-zoom\">\n\t\t\t\t\t\t\t\t\t\t<a href=\"http:\/\/www.bistrot-pastiere.fr\/wp-content\/uploads\/2020\/11\/galerie2.jpg\" data-fancybox=\"gallery\" class=\"gallery-elements\">\n\t\t\t\t\t\t\t\t\t\t\t<i class=\"zmdi zmdi-search\"><\/i>\n\t\t\t\t\t\t\t\t\t\t<\/a>\n\t\t\t\t\t\t\t\t\t<\/div>\n\t\t\t\t\t\t\t\t<\/div>\n\t\t\t\t\t\t\t<\/div>\n\t\t\t\t\t\t\t\t\t\t\t\t\t<div class=\"col-xl-4 col-lg-4 col-md-4 col-sm-6 col-12\">\n\t\t\t\t\t\t\t\t<div class=\"gallery-detail\"> \n\t\t\t\t\t\t\t\t\t<figure>\n\t\t\t\t\t\t\t\t\t\t<img src=\"http:\/\/www.bistrot-pastiere.fr\/wp-content\/uploads\/2020\/11\/galerie4.jpg\" srcset=\"https:\/\/www.bistrot-pastiere.fr\/wp-content\/uploads\/2020\/11\/galerie4-300x232.jpg 300w, https:\/\/www.bistrot-pastiere.fr\/wp-content\/uploads\/2020\/11\/galerie4.jpg 725w\" alt=\"\">\n\t\t\t\t\t\t\t\t\t<\/figure>\n\t\t\t\t\t\t\t\t\t<div class=\"overlay\"><\/div>\n\t\t\t\t\t\t\t\t\t<div class=\"gallery-zoom\">\n\t\t\t\t\t\t\t\t\t\t<a href=\"http:\/\/www.bistrot-pastiere.fr\/wp-content\/uploads\/2020\/11\/galerie4.jpg\" data-fancybox=\"gallery\" class=\"gallery-elements\">\n\t\t\t\t\t\t\t\t\t\t\t<i class=\"zmdi zmdi-search\"><\/i>\n\t\t\t\t\t\t\t\t\t\t<\/a>\n\t\t\t\t\t\t\t\t\t<\/div>\n\t\t\t\t\t\t\t\t<\/div>\n\t\t\t\t\t\t\t<\/div>\n\t\t\t\t\t\t\t\t\t\t\t\t\t<div class=\"col-xl-4 col-lg-4 col-md-4 col-sm-6 col-12\">\n\t\t\t\t\t\t\t\t<div class=\"gallery-detail\"> \n\t\t\t\t\t\t\t\t\t<figure>\n\t\t\t\t\t\t\t\t\t\t<img src=\"http:\/\/www.bistrot-pastiere.fr\/wp-content\/uploads\/2020\/11\/galerie6.jpg\" srcset=\"https:\/\/www.bistrot-pastiere.fr\/wp-content\/uploads\/2020\/11\/galerie6-300x232.jpg 300w, https:\/\/www.bistrot-pastiere.fr\/wp-content\/uploads\/2020\/11\/galerie6.jpg 725w\" alt=\"\">\n\t\t\t\t\t\t\t\t\t<\/figure>\n\t\t\t\t\t\t\t\t\t<div class=\"overlay\"><\/div>\n\t\t\t\t\t\t\t\t\t<div class=\"gallery-zoom\">\n\t\t\t\t\t\t\t\t\t\t<a href=\"http:\/\/www.bistrot-pastiere.fr\/wp-content\/uploads\/2020\/11\/galerie6.jpg\" data-fancybox=\"gallery\" class=\"gallery-elements\">\n\t\t\t\t\t\t\t\t\t\t\t<i class=\"zmdi zmdi-search\"><\/i>\n\t\t\t\t\t\t\t\t\t\t<\/a>\n\t\t\t\t\t\t\t\t\t<\/div>\n\t\t\t\t\t\t\t\t<\/div>\n\t\t\t\t\t\t\t<\/div>\n\t\t\t\t\t\t\t\t\t\t\t\t\t<div class=\"col-xl-4 col-lg-4 col-md-4 col-sm-6 col-12\">\n\t\t\t\t\t\t\t\t<div class=\"gallery-detail\"> \n\t\t\t\t\t\t\t\t\t<figure>\n\t\t\t\t\t\t\t\t\t\t<img src=\"https:\/\/www.bistrot-pastiere.fr\/wp-content\/uploads\/2023\/01\/AAA-2H3A4306.jpg\" srcset=\"https:\/\/www.bistrot-pastiere.fr\/wp-content\/uploads\/2023\/01\/AAA-2H3A4306-300x232.jpg 300w, https:\/\/www.bistrot-pastiere.fr\/wp-content\/uploads\/2023\/01\/AAA-2H3A4306.jpg 725w\" alt=\"\">\n\t\t\t\t\t\t\t\t\t<\/figure>\n\t\t\t\t\t\t\t\t\t<div class=\"overlay\"><\/div>\n\t\t\t\t\t\t\t\t\t<div class=\"gallery-zoom\">\n\t\t\t\t\t\t\t\t\t\t<a href=\"https:\/\/www.bistrot-pastiere.fr\/wp-content\/uploads\/2023\/01\/AAA-2H3A4306.jpg\" data-fancybox=\"gallery\" class=\"gallery-elements\">\n\t\t\t\t\t\t\t\t\t\t\t<i class=\"zmdi zmdi-search\"><\/i>\n\t\t\t\t\t\t\t\t\t\t<\/a>\n\t\t\t\t\t\t\t\t\t<\/div>\n\t\t\t\t\t\t\t\t<\/div>\n\t\t\t\t\t\t\t<\/div>\n\t\t\t\t\t\t\t\t\t\t\t\t\t<div class=\"col-xl-4 col-lg-4 col-md-4 col-sm-6 col-12\">\n\t\t\t\t\t\t\t\t<div class=\"gallery-detail\"> \n\t\t\t\t\t\t\t\t\t<figure>\n\t\t\t\t\t\t\t\t\t\t<img src=\"https:\/\/www.bistrot-pastiere.fr\/wp-content\/uploads\/2023\/01\/AAA-Sans-titre-2.jpg\" srcset=\"https:\/\/www.bistrot-pastiere.fr\/wp-content\/uploads\/2023\/01\/AAA-Sans-titre-2-300x232.jpg 300w, https:\/\/www.bistrot-pastiere.fr\/wp-content\/uploads\/2023\/01\/AAA-Sans-titre-2.jpg 725w\" alt=\"\">\n\t\t\t\t\t\t\t\t\t<\/figure>\n\t\t\t\t\t\t\t\t\t<div class=\"overlay\"><\/div>\n\t\t\t\t\t\t\t\t\t<div class=\"gallery-zoom\">\n\t\t\t\t\t\t\t\t\t\t<a href=\"https:\/\/www.bistrot-pastiere.fr\/wp-content\/uploads\/2023\/01\/AAA-Sans-titre-2.jpg\" data-fancybox=\"gallery\" class=\"gallery-elements\">\n\t\t\t\t\t\t\t\t\t\t\t<i class=\"zmdi zmdi-search\"><\/i>\n\t\t\t\t\t\t\t\t\t\t<\/a>\n\t\t\t\t\t\t\t\t\t<\/div>\n\t\t\t\t\t\t\t\t<\/div>\n\t\t\t\t\t\t\t<\/div>\n\t\t\t\t\t\t\t\t\t\t\t<\/div>\n\t\t\t\t<\/div>\n\t\t\t<\/div>\n\t\t<\/section>\n\n\t\t\t\t<\/div>\n\t\t\t\t<\/div>\n\t\t\t\t\t\t<\/div>\n\t\t\t\t\t<\/div>\n\t\t<\/div>\n\t\t\t\t\t\t\t\t<\/div>\n\t\t\t\t\t<\/div>\n\t\t<\/section>\n\t\t\t\t<section class=\"elementor-section elementor-top-section elementor-element elementor-element-6e7292e elementor-section-boxed elementor-section-height-default elementor-section-height-default\" data-id=\"6e7292e\" data-element_type=\"section\">\n\t\t\t\t\t\t<div class=\"elementor-container elementor-column-gap-default\">\n\t\t\t\t\t\t\t<div class=\"elementor-row\">\n\t\t\t\t\t<div class=\"elementor-column elementor-col-100 elementor-top-column elementor-element elementor-element-77a0e34\" data-id=\"77a0e34\" data-element_type=\"column\">\n\t\t\t<div class=\"elementor-column-wrap elementor-element-populated\">\n\t\t\t\t\t\t\t<div class=\"elementor-widget-wrap\">\n\t\t\t\t\t\t<div class=\"elementor-element elementor-element-364bd05 elementor-widget elementor-widget-spacer\" data-id=\"364bd05\" data-element_type=\"widget\" data-widget_type=\"spacer.default\">\n\t\t\t\t<div class=\"elementor-widget-container\">\n\t\t\t\t\t<div class=\"elementor-spacer\">\n\t\t\t<div class=\"elementor-spacer-inner\"><\/div>\n\t\t<\/div>\n\t\t\t\t<\/div>\n\t\t\t\t<\/div>\n\t\t\t\t\t\t<\/div>\n\t\t\t\t\t<\/div>\n\t\t<\/div>\n\t\t\t\t\t\t\t\t<\/div>\n\t\t\t\t\t<\/div>\n\t\t<\/section>\n\t\t\t\t<section class=\"elementor-section elementor-top-section elementor-element elementor-element-14951b0 elementor-section-full_width elementor-section-height-default elementor-section-height-default\" data-id=\"14951b0\" data-element_type=\"section\">\n\t\t\t\t\t\t<div class=\"elementor-container elementor-column-gap-no\">\n\t\t\t\t\t\t\t<div class=\"elementor-row\">\n\t\t\t\t\t<div class=\"elementor-column elementor-col-100 elementor-top-column elementor-element elementor-element-51668c4\" data-id=\"51668c4\" data-element_type=\"column\">\n\t\t\t<div class=\"elementor-column-wrap elementor-element-populated\">\n\t\t\t\t\t\t\t<div class=\"elementor-widget-wrap\">\n\t\t\t\t\t\t<div class=\"elementor-element elementor-element-d265df7 elementor-widget elementor-widget-ova_recommend_banner\" data-id=\"d265df7\" data-element_type=\"widget\" data-widget_type=\"ova_recommend_banner.default\">\n\t\t\t\t<div class=\"elementor-widget-container\">\n\t\t\t\n\t\t<section class=\"cta-hp-1 section-box\" >\n\t\t\t<div class=\"container\">\n\t\t\t\t<div class=\"cta-content\">\n\t\t\t\t\t\t\t\t\t\t\t\t\t\t\t\n\t\t\t\t<\/div>\n\t\t\t<\/div>\n\t\t<\/section>\n\n\t\t\t<\/div>\n\t\t\t\t<\/div>\n\t\t\t\t\t\t<\/div>\n\t\t\t\t\t<\/div>\n\t\t<\/div>\n\t\t\t\t\t\t\t\t<\/div>\n\t\t\t\t\t<\/div>\n\t\t<\/section>\n\t\t\t\t\t\t<\/div>\n\t\t\t\t\t\t<\/div>\n\t\t\t\t\t<\/div>\n\t\t","protected":false},"excerpt":{"rendered":"<p>Le Bistrot de la Pasti\u00e8re Le Bistrot de la Pasti\u00e8re CHATEAUNEUF-DE-GADAGNE Located in Chateauneuf-de-Gadagne in the Vaucluse, le Bistrot de la Pasti\u00e8re offers you a cuisine between terroir and Italy, and this always with fresh products carefully selected by our Chef Thomas Glucksmann. Because enjoying the Provence is also enjoying the proven\u00e7ale gastronomie: a true [&hellip;]<\/p>\n","protected":false},"author":1,"featured_media":0,"parent":0,"menu_order":0,"comment_status":"closed","ping_status":"closed","template":"elementor_header_footer","meta":[],"_links":{"self":[{"href":"https:\/\/www.bistrot-pastiere.fr\/en\/wp-json\/wp\/v2\/pages\/3491"}],"collection":[{"href":"https:\/\/www.bistrot-pastiere.fr\/en\/wp-json\/wp\/v2\/pages"}],"about":[{"href":"https:\/\/www.bistrot-pastiere.fr\/en\/wp-json\/wp\/v2\/types\/page"}],"author":[{"embeddable":true,"href":"https:\/\/www.bistrot-pastiere.fr\/en\/wp-json\/wp\/v2\/users\/1"}],"replies":[{"embeddable":true,"href":"https:\/\/www.bistrot-pastiere.fr\/en\/wp-json\/wp\/v2\/comments?post=3491"}],"version-history":[{"count":4,"href":"https:\/\/www.bistrot-pastiere.fr\/en\/wp-json\/wp\/v2\/pages\/3491\/revisions"}],"predecessor-version":[{"id":4252,"href":"https:\/\/www.bistrot-pastiere.fr\/en\/wp-json\/wp\/v2\/pages\/3491\/revisions\/4252"}],"wp:attachment":[{"href":"https:\/\/www.bistrot-pastiere.fr\/en\/wp-json\/wp\/v2\/media?parent=3491"}],"curies":[{"name":"wp","href":"https:\/\/api.w.org\/{rel}","templated":true}]}}