{"id":3496,"date":"2020-11-20T14:38:45","date_gmt":"2020-11-20T13:38:45","guid":{"rendered":"http:\/\/agence-petit-gastronome.fr\/dev\/reon\/carte\/"},"modified":"2021-02-11T23:17:03","modified_gmt":"2021-02-11T22:17:03","slug":"carte","status":"publish","type":"page","link":"https:\/\/www.bistrot-pastiere.fr\/en\/carte\/","title":{"rendered":"Our Menu"},"content":{"rendered":"\t\t<div data-elementor-type=\"wp-post\" data-elementor-id=\"3496\" class=\"elementor elementor-3496\" data-elementor-settings=\"[]\">\n\t\t\t\t\t\t<div class=\"elementor-inner\">\n\t\t\t\t\t\t\t<div class=\"elementor-section-wrap\">\n\t\t\t\t\t\t\t<section class=\"elementor-section elementor-top-section elementor-element elementor-element-550f445 elementor-section-full_width elementor-section-height-default elementor-section-height-default\" data-id=\"550f445\" data-element_type=\"section\">\n\t\t\t\t\t\t<div class=\"elementor-container elementor-column-gap-no\">\n\t\t\t\t\t\t\t<div class=\"elementor-row\">\n\t\t\t\t\t<div class=\"elementor-column elementor-col-100 elementor-top-column elementor-element elementor-element-ce28d70\" data-id=\"ce28d70\" data-element_type=\"column\">\n\t\t\t<div class=\"elementor-column-wrap elementor-element-populated\">\n\t\t\t\t\t\t\t<div class=\"elementor-widget-wrap\">\n\t\t\t\t\t\t<div class=\"elementor-element elementor-element-b2b0135 elementor-widget elementor-widget-ova_heading\" data-id=\"b2b0135\" data-element_type=\"widget\" data-widget_type=\"ova_heading.default\">\n\t\t\t\t<div class=\"elementor-widget-container\">\n\t\t\t\t\t\t\t<section class=\"breadcrumb-menu-v2 breadcrumb-section section-box\" style=\"background-image: url(http:\/\/www.bistrot-pastiere.fr\/wp-content\/uploads\/2020\/12\/banner-bistrot1.jpg)\">\n\t\t\t\t<div class=\"container\">\n\t\t\t\t\t<div class=\"breadcrumb-inner\">\n\t\t\t\t\t\t\t\t\t\t\t\t\t<h1>Our Menu<\/h1>\n\t\t\t\t\t\t\t\t\t\t\t\t\t\t\t\t\t<\/div>\t\n\t\t\t\t<\/div>\n\t\t\t<\/section>\n\t\t\t\t\t<\/div>\n\t\t\t\t<\/div>\n\t\t\t\t\t\t<\/div>\n\t\t\t\t\t<\/div>\n\t\t<\/div>\n\t\t\t\t\t\t\t\t<\/div>\n\t\t\t\t\t<\/div>\n\t\t<\/section>\n\t\t\t\t<section class=\"elementor-section elementor-top-section elementor-element elementor-element-72dc671 elementor-section-boxed elementor-section-height-default elementor-section-height-default\" data-id=\"72dc671\" data-element_type=\"section\">\n\t\t\t\t\t\t<div class=\"elementor-container elementor-column-gap-default\">\n\t\t\t\t\t\t\t<div class=\"elementor-row\">\n\t\t\t\t\t<div class=\"elementor-column elementor-col-33 elementor-top-column elementor-element elementor-element-ce1ba55\" data-id=\"ce1ba55\" data-element_type=\"column\" data-settings=\"{&quot;background_background&quot;:&quot;classic&quot;}\">\n\t\t\t<div class=\"elementor-column-wrap elementor-element-populated\">\n\t\t\t\t\t\t\t<div class=\"elementor-widget-wrap\">\n\t\t\t\t\t\t<div class=\"elementor-element elementor-element-f5f124e elementor-widget elementor-widget-ova_our_menu_v1\" data-id=\"f5f124e\" data-element_type=\"widget\" data-widget_type=\"ova_our_menu_v1.default\">\n\t\t\t\t<div class=\"elementor-widget-container\">\n\t\t\t\n\t\t<section class=\"menu-v1-section menu-hp-2\">\n\t\t\t\n\t\t\t<div class=\"container\">\n\t\t\t\t<div class=\"row\">\n\n\t\t\t\t\t<div class=\"grid-item\">\n\t\t\t\t\t\t<div class=\"icon starter\">\n\t\t\t\t\t\t\t<figure><img src=\"https:\/\/www.bistrot-pastiere.fr\/wp-content\/uploads\/2020\/11\/testDinner.png\" title=\"testDinner\" alt=\"testDinner\" \/><\/figure>\n\t\t\t\t\t\t<\/div>\n\t\t\t\t\t\t<h3><a  >STARTERS<\/a><\/h3>\n\t\t\t\t\t\t\t\t\t\t\t\t\t\t<div class=\"menu-inner\">\n\t\t\t\t\t\t\t\t\t\t\t\t\t\t\t\t\t<div class=\"desc_our\" style=\"\">\n\t\t\t\t\t\t\t\t\t\t<span class=\"name\"><span class=\"title\" style=\"\">CALAMARS FRITS DIT <\/span> <span class=\"price\" style=\"\">12 \u20ac<\/span><\/span>\n\t\t\t\t\t\t\t\t\t<\/div>\n\t\t\t\t\t\t\t\t\t<p style=\"\">\u00ab \u00c0 La Malaguena \u00bb<\/p>\n\t\t\t\t\t\t\t\t\t\t\t\t\t\t\t\t<\/div>\n\t\t\t\t\t\t\t\t\t\t\t\t\t\t\t<div class=\"menu-inner\">\n\t\t\t\t\t\t\t\t\t\t\t\t\t\t\t\t\t<div class=\"desc_our\" style=\"\">\n\t\t\t\t\t\t\t\t\t\t<span class=\"name\"><span class=\"title\" style=\"\">SALADE CESAR <\/span> <span class=\"price\" style=\"\">13 \u20ac<\/span><\/span>\n\t\t\t\t\t\t\t\t\t<\/div>\n\t\t\t\t\t\t\t\t\t<p style=\"\">La Classique Volaille<\/p>\n\t\t\t\t\t\t\t\t\t\t\t\t\t\t\t\t<\/div>\n\t\t\t\t\t\t\t\t\t\t\t\t\t\t\t<div class=\"menu-inner\">\n\t\t\t\t\t\t\t\t\t\t\t\t\t\t\t\t\t<div class=\"desc_our\" style=\"\">\n\t\t\t\t\t\t\t\t\t\t<span class=\"name\"><span class=\"title\" style=\"\">SALADE CESAR <\/span> <span class=\"price\" style=\"\">14 \u20ac<\/span><\/span>\n\t\t\t\t\t\t\t\t\t<\/div>\n\t\t\t\t\t\t\t\t\t<p style=\"\">Gambas Pan\u00e9es<\/p>\n\t\t\t\t\t\t\t\t\t\t\t\t\t\t\t\t<\/div>\n\t\t\t\t\t\t\t\t\t\t\t\t\t\t\t<div class=\"menu-inner\">\n\t\t\t\t\t\t\t\t\t\t\t\t\t\t\t\t\t<div class=\"desc_our\" style=\"\">\n\t\t\t\t\t\t\t\t\t\t<span class=\"name\"><span class=\"title\" style=\"\">CUIT ET CRU <\/span> <span class=\"price\" style=\"\">15 \u20ac<\/span><\/span>\n\t\t\t\t\t\t\t\t\t<\/div>\n\t\t\t\t\t\t\t\t\t<p style=\"\">De proscuitto Toast de Focaccia<\/p>\n\t\t\t\t\t\t\t\t\t\t\t\t\t\t\t\t<\/div>\n\t\t\t\t\t\t\t\t\t\t\t\t\t\t\t<div class=\"menu-inner\">\n\t\t\t\t\t\t\t\t\t\t\t\t\t\t\t\t\t<div class=\"desc_our\" style=\"\">\n\t\t\t\t\t\t\t\t\t\t<span class=\"name\"><span class=\"title\" style=\"\">L\u2019\u0152UF PARFAIT PLEIN AIR <\/span> <span class=\"price\" style=\"\">13 \u20ac<\/span><\/span>\n\t\t\t\t\t\t\t\t\t<\/div>\n\t\t\t\t\t\t\t\t\t<p style=\"\">L\u00e9gumes Du Soleil, \n<br\/>Jus De Ratatouille, \n<br\/>Chips De Pancetta<\/p>\n\t\t\t\t\t\t\t\t\t\t\t\t\t\t\t\t<\/div>\n\t\t\t\t\t\t\t\t\t\t\t\t<\/div>\n\n\t\t\t\t<\/div>\n\t\t\t<\/div>\n\n\t\t<\/section>\n\n\t\t\t<\/div>\n\t\t\t\t<\/div>\n\t\t\t\t\t\t<\/div>\n\t\t\t\t\t<\/div>\n\t\t<\/div>\n\t\t\t\t<div class=\"elementor-column elementor-col-33 elementor-top-column elementor-element elementor-element-9b6d7b2\" data-id=\"9b6d7b2\" data-element_type=\"column\">\n\t\t\t<div class=\"elementor-column-wrap elementor-element-populated\">\n\t\t\t\t\t\t\t<div class=\"elementor-widget-wrap\">\n\t\t\t\t\t\t<div class=\"elementor-element elementor-element-3068cf7 elementor-widget elementor-widget-ova_our_menu_v1\" data-id=\"3068cf7\" data-element_type=\"widget\" data-widget_type=\"ova_our_menu_v1.default\">\n\t\t\t\t<div class=\"elementor-widget-container\">\n\t\t\t\n\t\t<section class=\"menu-v1-section menu-hp-2\">\n\t\t\t\n\t\t\t<div class=\"container\">\n\t\t\t\t<div class=\"row\">\n\n\t\t\t\t\t<div class=\"grid-item\">\n\t\t\t\t\t\t<div class=\"icon starter\">\n\t\t\t\t\t\t\t<figure><img src=\"https:\/\/www.bistrot-pastiere.fr\/wp-content\/uploads\/2020\/11\/dining-meal-covered.png\" title=\"dining-meal-covered\" alt=\"dining-meal-covered\" \/><\/figure>\n\t\t\t\t\t\t<\/div>\n\t\t\t\t\t\t<h3><a  >MAIN DISHES<\/a><\/h3>\n\t\t\t\t\t\t\t\t\t\t\t\t\t\t<div class=\"menu-inner\">\n\t\t\t\t\t\t\t\t\t\t\t\t\t\t\t\t\t<div class=\"desc_our\" style=\"\">\n\t\t\t\t\t\t\t\t\t\t<span class=\"name\"><span class=\"title\" style=\"\">BLANC D\u2019ENCORNET FARCI  <\/span> <span class=\"price\" style=\"\">20 \u20ac<\/span><\/span>\n\t\t\t\t\t\t\t\t\t<\/div>\n\t\t\t\t\t\t\t\t\t<p style=\"\">Risotto De Petit \u00c9peautre De Sault <br\/>\nTomates Confites Et Jus D\u2019arr\u00eates<\/p>\n\t\t\t\t\t\t\t\t\t\t\t\t\t\t\t\t<\/div>\n\t\t\t\t\t\t\t\t\t\t\t\t\t\t\t<div class=\"menu-inner\">\n\t\t\t\t\t\t\t\t\t\t\t\t\t\t\t\t\t<div class=\"desc_our\" style=\"\">\n\t\t\t\t\t\t\t\t\t\t<span class=\"name\"><span class=\"title\" style=\"\">ROUGET GRONDIN SNACKE <\/span> <span class=\"price\" style=\"\">20,5 \u20ac<\/span><\/span>\n\t\t\t\t\t\t\t\t\t<\/div>\n\t\t\t\t\t\t\t\t\t<p style=\"\">Cannelloni D\u2019aubergines De Pays, <br\/>Huile D\u2019olives Vierge<\/p>\n\t\t\t\t\t\t\t\t\t\t\t\t\t\t\t\t<\/div>\n\t\t\t\t\t\t\t\t\t\t\t\t\t\t\t<div class=\"menu-inner\">\n\t\t\t\t\t\t\t\t\t\t\t\t\t\t\t\t\t<div class=\"desc_our\" style=\"\">\n\t\t\t\t\t\t\t\t\t\t<span class=\"name\"><span class=\"title\" style=\"\">TARTARE DE B\u0152UF  <\/span> <span class=\"price\" style=\"\">19,5 \u20ac<\/span><\/span>\n\t\t\t\t\t\t\t\t\t<\/div>\n\t\t\t\t\t\t\t\t\t<p style=\"\">Salers Au Couteau \u00e0 l'Italienne  \n<br\/>Pistou De Basilic, Frites Et Salade<\/p>\n\t\t\t\t\t\t\t\t\t\t\t\t\t\t\t\t<\/div>\n\t\t\t\t\t\t\t\t\t\t\t\t\t\t\t<div class=\"menu-inner\">\n\t\t\t\t\t\t\t\t\t\t\t\t\t\t\t\t\t<div class=\"desc_our\" style=\"\">\n\t\t\t\t\t\t\t\t\t\t<span class=\"name\"><span class=\"title\" style=\"\">THON MI CUIT <\/span> <span class=\"price\" style=\"\">20,5 \u20ac<\/span><\/span>\n\t\t\t\t\t\t\t\t\t<\/div>\n\t\t\t\t\t\t\t\t\t<p style=\"\">D\u00e9clinaison De Courgettes De Pays, \n<br\/>Jus De Citrons Confits<\/p>\n\t\t\t\t\t\t\t\t\t\t\t\t\t\t\t\t<\/div>\n\t\t\t\t\t\t\t\t\t\t\t\t<\/div>\n\n\t\t\t\t<\/div>\n\t\t\t<\/div>\n\n\t\t<\/section>\n\n\t\t\t<\/div>\n\t\t\t\t<\/div>\n\t\t\t\t\t\t<\/div>\n\t\t\t\t\t<\/div>\n\t\t<\/div>\n\t\t\t\t<div class=\"elementor-column elementor-col-33 elementor-top-column elementor-element elementor-element-6009066\" data-id=\"6009066\" data-element_type=\"column\">\n\t\t\t<div class=\"elementor-column-wrap elementor-element-populated\">\n\t\t\t\t\t\t\t<div class=\"elementor-widget-wrap\">\n\t\t\t\t\t\t<div class=\"elementor-element elementor-element-b793e3f elementor-widget elementor-widget-ova_our_menu_v1\" data-id=\"b793e3f\" data-element_type=\"widget\" data-widget_type=\"ova_our_menu_v1.default\">\n\t\t\t\t<div class=\"elementor-widget-container\">\n\t\t\t\n\t\t<section class=\"menu-v1-section menu-hp-2\">\n\t\t\t\n\t\t\t<div class=\"container\">\n\t\t\t\t<div class=\"row\">\n\n\t\t\t\t\t<div class=\"grid-item\">\n\t\t\t\t\t\t<div class=\"icon starter\">\n\t\t\t\t\t\t\t<figure><img src=\"https:\/\/www.bistrot-pastiere.fr\/wp-content\/uploads\/2020\/11\/brick-grill.png\" title=\"brick-grill\" alt=\"brick-grill\" \/><\/figure>\n\t\t\t\t\t\t<\/div>\n\t\t\t\t\t\t<h3><a  >GRILLED FOOD<\/a><\/h3>\n\t\t\t\t\t\t\t\t\t\t\t\t\t\t<div class=\"menu-inner\">\n\t\t\t\t\t\t\t\t\t\t\t\t\t\t\t\t\t<div class=\"desc_our\" style=\"\">\n\t\t\t\t\t\t\t\t\t\t<span class=\"name\"><span class=\"title\" style=\"\">ENTRECOTE DE B\u0152UF <\/span> <span class=\"price\" style=\"\">25,5 \u20ac<\/span><\/span>\n\t\t\t\t\t\t\t\t\t<\/div>\n\t\t\t\t\t\t\t\t\t<p style=\"\">Affinage Japonais Origine Espagne - Garniture Au Choix<\/p>\n\t\t\t\t\t\t\t\t\t\t\t\t\t\t\t\t<\/div>\n\t\t\t\t\t\t\t\t\t\t\t\t\t\t\t<div class=\"menu-inner\">\n\t\t\t\t\t\t\t\t\t\t\t\t\t\t\t\t\t<div class=\"desc_our\" style=\"\">\n\t\t\t\t\t\t\t\t\t\t<span class=\"name\"><span class=\"title\" style=\"\">PICA\u00d1HAS DE VEAU <\/span> <span class=\"price\" style=\"\">21,5 \u20ac<\/span><\/span>\n\t\t\t\t\t\t\t\t\t<\/div>\n\t\t\t\t\t\t\t\t\t<p style=\"\">Garniture Au Choix (Race \u00c0 Viande Hollandaise)<\/p>\n\t\t\t\t\t\t\t\t\t\t\t\t\t\t\t\t<\/div>\n\t\t\t\t\t\t\t\t\t\t\t\t\t\t\t<div class=\"menu-inner\">\n\t\t\t\t\t\t\t\t\t\t\t\t\t\t\t\t\t<div class=\"desc_our\" style=\"\">\n\t\t\t\t\t\t\t\t\t\t<span class=\"name\"><span class=\"title\" style=\"\">PLUMA ET SECRETO  <\/span> <span class=\"price\" style=\"\">22,5 \u20ac<\/span><\/span>\n\t\t\t\t\t\t\t\t\t<\/div>\n\t\t\t\t\t\t\t\t\t<p style=\"\">Cochon Blanc<\/p>\n\t\t\t\t\t\t\t\t\t\t\t\t\t\t\t\t<\/div>\n\t\t\t\t\t\t\t\t\t\t\t\t\t\t\t<div class=\"menu-inner\">\n\t\t\t\t\t\t\t\t\t\t\t\t\t\t\t\t\t<div class=\"desc_our\" style=\"\">\n\t\t\t\t\t\t\t\t\t\t<span class=\"name\"><span class=\"title\" style=\"\">ANDOUILLETTE  <\/span> <span class=\"price\" style=\"\">19,5 \u20ac<\/span><\/span>\n\t\t\t\t\t\t\t\t\t<\/div>\n\t\t\t\t\t\t\t\t\t<p style=\"\">Garniture Au Choix<\/p>\n\t\t\t\t\t\t\t\t\t\t\t\t\t\t\t\t<\/div>\n\t\t\t\t\t\t\t\t\t\t\t\t\t\t\t<div class=\"menu-inner\">\n\t\t\t\t\t\t\t\t\t\t\t\t\t\t\t\t\t<div class=\"desc_our\" style=\"\">\n\t\t\t\t\t\t\t\t\t\t<span class=\"name\"><span class=\"title\" style=\"\">MAGRET DE CANARD ENTIER <\/span> <span class=\"price\" style=\"\">22,5 \u20ac<\/span><\/span>\n\t\t\t\t\t\t\t\t\t<\/div>\n\t\t\t\t\t\t\t\t\t<p style=\"\">Origine France Vend\u00e9e Garnitures Au Choix<\/p>\n\t\t\t\t\t\t\t\t\t\t\t\t\t\t\t\t<\/div>\n\t\t\t\t\t\t\t\t\t\t\t\t<\/div>\n\n\t\t\t\t<\/div>\n\t\t\t<\/div>\n\n\t\t<\/section>\n\n\t\t\t<\/div>\n\t\t\t\t<\/div>\n\t\t\t\t\t\t<\/div>\n\t\t\t\t\t<\/div>\n\t\t<\/div>\n\t\t\t\t\t\t\t\t<\/div>\n\t\t\t\t\t<\/div>\n\t\t<\/section>\n\t\t\t\t<section class=\"elementor-section elementor-top-section elementor-element elementor-element-cc83fe5 elementor-section-boxed elementor-section-height-default elementor-section-height-default\" data-id=\"cc83fe5\" data-element_type=\"section\">\n\t\t\t\t\t\t<div class=\"elementor-container elementor-column-gap-wider\">\n\t\t\t\t\t\t\t<div class=\"elementor-row\">\n\t\t\t\t\t<div class=\"elementor-column elementor-col-50 elementor-top-column elementor-element elementor-element-81d8a47\" data-id=\"81d8a47\" data-element_type=\"column\">\n\t\t\t<div class=\"elementor-column-wrap elementor-element-populated\">\n\t\t\t\t\t\t\t<div class=\"elementor-widget-wrap\">\n\t\t\t\t\t\t<div class=\"elementor-element elementor-element-658fb08 elementor-widget elementor-widget-ova_our_menu_v1\" data-id=\"658fb08\" data-element_type=\"widget\" data-widget_type=\"ova_our_menu_v1.default\">\n\t\t\t\t<div class=\"elementor-widget-container\">\n\t\t\t\n\t\t<section class=\"menu-v1-section menu-hp-2\">\n\t\t\t\n\t\t\t<div class=\"container\">\n\t\t\t\t<div class=\"row\">\n\n\t\t\t\t\t<div class=\"grid-item\">\n\t\t\t\t\t\t<div class=\"icon starter\">\n\t\t\t\t\t\t\t<figure><img src=\"https:\/\/www.bistrot-pastiere.fr\/wp-content\/uploads\/2020\/11\/pizza3.png\" title=\"pizza3\" alt=\"pizza3\" \/><\/figure>\n\t\t\t\t\t\t<\/div>\n\t\t\t\t\t\t<h3><a  >PIZZAS<\/a><\/h3>\n\t\t\t\t\t\t\t\t\t\t\t\t\t\t<div class=\"menu-inner\">\n\t\t\t\t\t\t\t\t\t\t\t\t\t\t\t\t\t<div class=\"desc_our\" style=\"\">\n\t\t\t\t\t\t\t\t\t\t<span class=\"name\"><span class=\"title\" style=\"\">BISTROT <\/span> <span class=\"price\" style=\"\">14 \u20ac<\/span><\/span>\n\t\t\t\t\t\t\t\t\t<\/div>\n\t\t\t\t\t\t\t\t\t<p style=\"\">Tomate, Champignons De Paris, Artichaut C\u0153ur,\nJambon Cru San Danielle, Emmental, Roquette, Olives<\/p>\n\t\t\t\t\t\t\t\t\t\t\t\t\t\t\t\t<\/div>\n\t\t\t\t\t\t\t\t\t\t\t\t\t\t\t<div class=\"menu-inner\">\n\t\t\t\t\t\t\t\t\t\t\t\t\t\t\t\t\t<div class=\"desc_our\" style=\"\">\n\t\t\t\t\t\t\t\t\t\t<span class=\"name\"><span class=\"title\" style=\"\">NAPOLITAINE <\/span> <span class=\"price\" style=\"\">14 \u20ac<\/span><\/span>\n\t\t\t\t\t\t\t\t\t<\/div>\n\t\t\t\t\t\t\t\t\t<p style=\"\">Tomate, Anchois, C\u00e2pres, Olives<\/p>\n\t\t\t\t\t\t\t\t\t\t\t\t\t\t\t\t<\/div>\n\t\t\t\t\t\t\t\t\t\t\t\t\t\t\t<div class=\"menu-inner\">\n\t\t\t\t\t\t\t\t\t\t\t\t\t\t\t\t\t<div class=\"desc_our\" style=\"\">\n\t\t\t\t\t\t\t\t\t\t<span class=\"name\"><span class=\"title\" style=\"\">MARGUERITA <\/span> <span class=\"price\" style=\"\">13,5 \u20ac<\/span><\/span>\n\t\t\t\t\t\t\t\t\t<\/div>\n\t\t\t\t\t\t\t\t\t<p style=\"\">Tomate, Tomates Cerises Confites, Mozzarella, Olives, Pistou, Emmental<\/p>\n\t\t\t\t\t\t\t\t\t\t\t\t\t\t\t\t<\/div>\n\t\t\t\t\t\t\t\t\t\t\t\t\t\t\t<div class=\"menu-inner\">\n\t\t\t\t\t\t\t\t\t\t\t\t\t\t\t\t\t<div class=\"desc_our\" style=\"\">\n\t\t\t\t\t\t\t\t\t\t<span class=\"name\"><span class=\"title\" style=\"\">ROYALE <\/span> <span class=\"price\" style=\"\">14 \u20ac<\/span><\/span>\n\t\t\t\t\t\t\t\t\t<\/div>\n\t\t\t\t\t\t\t\t\t<p style=\"\">Tomate, Jambon Blanc Italien, Mozzarella, Champignons, Olives, Emmental<\/p>\n\t\t\t\t\t\t\t\t\t\t\t\t\t\t\t\t<\/div>\n\t\t\t\t\t\t\t\t\t\t\t\t\t\t\t<div class=\"menu-inner\">\n\t\t\t\t\t\t\t\t\t\t\t\t\t\t\t\t\t<div class=\"desc_our\" style=\"\">\n\t\t\t\t\t\t\t\t\t\t<span class=\"name\"><span class=\"title\" style=\"\">TUTTI FORMAGGI <\/span> <span class=\"price\" style=\"\">14,5 \u20ac<\/span><\/span>\n\t\t\t\t\t\t\t\t\t<\/div>\n\t\t\t\t\t\t\t\t\t<p style=\"\">Tomate, Cr\u00e8me De Gorgonzola, Mozzarella, Ch\u00e8vre B\u00fbchette, Emmental, Olives, Salade De Saison<\/p>\n\t\t\t\t\t\t\t\t\t\t\t\t\t\t\t\t<\/div>\n\t\t\t\t\t\t\t\t\t\t\t\t\t\t\t<div class=\"menu-inner\">\n\t\t\t\t\t\t\t\t\t\t\t\t\t\t\t\t\t<div class=\"desc_our\" style=\"\">\n\t\t\t\t\t\t\t\t\t\t<span class=\"name\"><span class=\"title\" style=\"\">CABRETTE <\/span> <span class=\"price\" style=\"\">13,5 \u20ac<\/span><\/span>\n\t\t\t\t\t\t\t\t\t<\/div>\n\t\t\t\t\t\t\t\t\t<p style=\"\">Mascarpone Ou Tomate, Ch\u00e8vre, Miel, Ciboulette<\/p>\n\t\t\t\t\t\t\t\t\t\t\t\t\t\t\t\t<\/div>\n\t\t\t\t\t\t\t\t\t\t\t\t\t\t\t<div class=\"menu-inner\">\n\t\t\t\t\t\t\t\t\t\t\t\t\t\t\t\t\t<div class=\"desc_our\" style=\"\">\n\t\t\t\t\t\t\t\t\t\t<span class=\"name\"><span class=\"title\" style=\"\">M\u00c9DITERRAN\u00c9ENNE <\/span> <span class=\"price\" style=\"\">14 \u20ac<\/span><\/span>\n\t\t\t\t\t\t\t\t\t<\/div>\n\t\t\t\t\t\t\t\t\t<p style=\"\">Tomate, Rago\u00fbt Oignons \/ Poivrons, Spianata, Saucisses Italiennes, Emmental, Olives Noires<\/p>\n\t\t\t\t\t\t\t\t\t\t\t\t\t\t\t\t<\/div>\n\t\t\t\t\t\t\t\t\t\t\t\t\t\t\t<div class=\"menu-inner\">\n\t\t\t\t\t\t\t\t\t\t\t\t\t\t\t\t\t<div class=\"desc_our\" style=\"\">\n\t\t\t\t\t\t\t\t\t\t<span class=\"name\"><span class=\"title\" style=\"\">BLANCHE\n <\/span> <span class=\"price\" style=\"\">14,5 \u20ac<\/span><\/span>\n\t\t\t\t\t\t\t\t\t<\/div>\n\t\t\t\t\t\t\t\t\t<p style=\"\">Mascarpone, Oignons Balsamiques, Pancetta, Jambon Blanc Truff\u00e9, Gorgonzola, Taleggio, Emmental, Olives Noires<\/p>\n\t\t\t\t\t\t\t\t\t\t\t\t\t\t\t\t<\/div>\n\t\t\t\t\t\t\t\t\t\t\t\t\t\t\t<div class=\"menu-inner\">\n\t\t\t\t\t\t\t\t\t\t\t\t\t\t\t\t\t<div class=\"desc_our\" style=\"\">\n\t\t\t\t\t\t\t\t\t\t<span class=\"name\"><span class=\"title\" style=\"\">VEGGAN <\/span> <span class=\"price\" style=\"\">13,5 \u20ac<\/span><\/span>\n\t\t\t\t\t\t\t\t\t<\/div>\n\t\t\t\t\t\t\t\t\t<p style=\"\">Tomate, L\u00e9gumes De Saison, Emmental, Roquette, Olives Noires<\/p>\n\t\t\t\t\t\t\t\t\t\t\t\t\t\t\t\t<\/div>\n\t\t\t\t\t\t\t\t\t\t\t\t<\/div>\n\n\t\t\t\t<\/div>\n\t\t\t<\/div>\n\n\t\t<\/section>\n\n\t\t\t<\/div>\n\t\t\t\t<\/div>\n\t\t\t\t\t\t<\/div>\n\t\t\t\t\t<\/div>\n\t\t<\/div>\n\t\t\t\t<div class=\"elementor-column elementor-col-50 elementor-top-column elementor-element elementor-element-50f3aa3\" data-id=\"50f3aa3\" data-element_type=\"column\">\n\t\t\t<div class=\"elementor-column-wrap elementor-element-populated\">\n\t\t\t\t\t\t\t<div class=\"elementor-widget-wrap\">\n\t\t\t\t\t\t<div class=\"elementor-element elementor-element-37e7350 elementor-widget elementor-widget-ova_our_menu_v1\" data-id=\"37e7350\" data-element_type=\"widget\" data-widget_type=\"ova_our_menu_v1.default\">\n\t\t\t\t<div class=\"elementor-widget-container\">\n\t\t\t\n\t\t<section class=\"menu-v1-section menu-hp-2\">\n\t\t\t\n\t\t\t<div class=\"container\">\n\t\t\t\t<div class=\"row\">\n\n\t\t\t\t\t<div class=\"grid-item\">\n\t\t\t\t\t\t<div class=\"icon starter\">\n\t\t\t\t\t\t\t<figure><img src=\"https:\/\/www.bistrot-pastiere.fr\/wp-content\/uploads\/2020\/11\/cakeTest.png\" title=\"cakeTest\" alt=\"cakeTest\" \/><\/figure>\n\t\t\t\t\t\t<\/div>\n\t\t\t\t\t\t<h3><a  >DESSERTS<\/a><\/h3>\n\t\t\t\t\t\t\t\t\t\t\t\t\t\t<div class=\"menu-inner\">\n\t\t\t\t\t\t\t\t\t\t\t\t\t\t\t\t\t<div class=\"desc_our\" style=\"\">\n\t\t\t\t\t\t\t\t\t\t<span class=\"name\"><span class=\"title\" style=\"\">TIRAMISU <\/span> <span class=\"price\" style=\"\">7,5 \u20ac<\/span><\/span>\n\t\t\t\t\t\t\t\t\t<\/div>\n\t\t\t\t\t\t\t\t\t<p style=\"\">Du Bistrot Caf\u00e9 Marsala<\/p>\n\t\t\t\t\t\t\t\t\t\t\t\t\t\t\t\t<\/div>\n\t\t\t\t\t\t\t\t\t\t\t\t\t\t\t<div class=\"menu-inner\">\n\t\t\t\t\t\t\t\t\t\t\t\t\t\t\t\t\t<div class=\"desc_our\" style=\"\">\n\t\t\t\t\t\t\t\t\t\t<span class=\"name\"><span class=\"title\" style=\"\">TIRAMISU <\/span> <span class=\"price\" style=\"\">7,5 \u20ac<\/span><\/span>\n\t\t\t\t\t\t\t\t\t<\/div>\n\t\t\t\t\t\t\t\t\t<p style=\"\">Aux Fruits de Saison<\/p>\n\t\t\t\t\t\t\t\t\t\t\t\t\t\t\t\t<\/div>\n\t\t\t\t\t\t\t\t\t\t\t\t\t\t\t<div class=\"menu-inner\">\n\t\t\t\t\t\t\t\t\t\t\t\t\t\t\t\t\t<div class=\"desc_our\" style=\"\">\n\t\t\t\t\t\t\t\t\t\t<span class=\"name\"><span class=\"title\" style=\"\">MOUSSE AU CHOCOLAT <\/span> <span class=\"price\" style=\"\">7 \u20ac<\/span><\/span>\n\t\t\t\t\t\t\t\t\t<\/div>\n\t\t\t\t\t\t\t\t\t<p style=\"\"><\/p>\n\t\t\t\t\t\t\t\t\t\t\t\t\t\t\t\t<\/div>\n\t\t\t\t\t\t\t\t\t\t\t\t\t\t\t<div class=\"menu-inner\">\n\t\t\t\t\t\t\t\t\t\t\t\t\t\t\t\t\t<div class=\"desc_our\" style=\"\">\n\t\t\t\t\t\t\t\t\t\t<span class=\"name\"><span class=\"title\" style=\"\">CR\u00c8ME BR\u00dbL\u00c9E <\/span> <span class=\"price\" style=\"\">6,5 \u20ac<\/span><\/span>\n\t\t\t\t\t\t\t\t\t<\/div>\n\t\t\t\t\t\t\t\t\t<p style=\"\"><\/p>\n\t\t\t\t\t\t\t\t\t\t\t\t\t\t\t\t<\/div>\n\t\t\t\t\t\t\t\t\t\t\t\t\t\t\t<div class=\"menu-inner\">\n\t\t\t\t\t\t\t\t\t\t\t\t\t\t\t\t\t<div class=\"desc_our\" style=\"\">\n\t\t\t\t\t\t\t\t\t\t<span class=\"name\"><span class=\"title\" style=\"\">PANACOTTA <\/span> <span class=\"price\" style=\"\">6,5 \u20ac<\/span><\/span>\n\t\t\t\t\t\t\t\t\t<\/div>\n\t\t\t\t\t\t\t\t\t<p style=\"\"><\/p>\n\t\t\t\t\t\t\t\t\t\t\t\t\t\t\t\t<\/div>\n\t\t\t\t\t\t\t\t\t\t\t\t\t\t\t<div class=\"menu-inner\">\n\t\t\t\t\t\t\t\t\t\t\t\t\t\t\t\t\t<div class=\"desc_our\" style=\"\">\n\t\t\t\t\t\t\t\t\t\t<span class=\"name\"><span class=\"title\" style=\"\">TARTE CITRON MERINGU\u00c9E <\/span> <span class=\"price\" style=\"\">7,5 \u20ac<\/span><\/span>\n\t\t\t\t\t\t\t\t\t<\/div>\n\t\t\t\t\t\t\t\t\t<p style=\"\"><\/p>\n\t\t\t\t\t\t\t\t\t\t\t\t\t\t\t\t<\/div>\n\t\t\t\t\t\t\t\t\t\t\t\t\t\t\t<div class=\"menu-inner\">\n\t\t\t\t\t\t\t\t\t\t\t\t\t\t\t\t\t<div class=\"desc_our\" style=\"\">\n\t\t\t\t\t\t\t\t\t\t<span class=\"name\"><span class=\"title\" style=\"\">YAOURT AU LAIT BIO <\/span> <span class=\"price\" style=\"\">6,5 \u20ac<\/span><\/span>\n\t\t\t\t\t\t\t\t\t<\/div>\n\t\t\t\t\t\t\t\t\t<p style=\"\">Fabriqu\u00e9 Par Nos Soins<\/p>\n\t\t\t\t\t\t\t\t\t\t\t\t\t\t\t\t<\/div>\n\t\t\t\t\t\t\t\t\t\t\t\t\t\t\t<div class=\"menu-inner\">\n\t\t\t\t\t\t\t\t\t\t\t\t\t\t\t\t\t<div class=\"desc_our\" style=\"\">\n\t\t\t\t\t\t\t\t\t\t<span class=\"name\"><span class=\"title\" style=\"\">BABA AU RHUM <\/span> <span class=\"price\" style=\"\">8 \u20ac<\/span><\/span>\n\t\t\t\t\t\t\t\t\t<\/div>\n\t\t\t\t\t\t\t\t\t<p style=\"\">Fabriqu\u00e9 Par Nos Soins<\/p>\n\t\t\t\t\t\t\t\t\t\t\t\t\t\t\t\t<\/div>\n\t\t\t\t\t\t\t\t\t\t\t\t\t\t\t<div class=\"menu-inner\">\n\t\t\t\t\t\t\t\t\t\t\t\t\t\t\t\t\t<div class=\"desc_our\" style=\"\">\n\t\t\t\t\t\t\t\t\t\t<span class=\"name\"><span class=\"title\" style=\"\">PROFITEROLES <\/span> <span class=\"price\" style=\"\">8 \u20ac<\/span><\/span>\n\t\t\t\t\t\t\t\t\t<\/div>\n\t\t\t\t\t\t\t\t\t<p style=\"\">Au Chocolat Valrhona<\/p>\n\t\t\t\t\t\t\t\t\t\t\t\t\t\t\t\t<\/div>\n\t\t\t\t\t\t\t\t\t\t\t\t\t\t\t<div class=\"menu-inner\">\n\t\t\t\t\t\t\t\t\t\t\t\t\t\t\t\t\t<div class=\"desc_our\" style=\"\">\n\t\t\t\t\t\t\t\t\t\t<span class=\"name\"><span class=\"title\" style=\"\">THE OU INFUSION GOURMAND <\/span> <span class=\"price\" style=\"\">7,5 \u20ac<\/span><\/span>\n\t\t\t\t\t\t\t\t\t<\/div>\n\t\t\t\t\t\t\t\t\t<p style=\"\"><\/p>\n\t\t\t\t\t\t\t\t\t\t\t\t\t\t\t\t<\/div>\n\t\t\t\t\t\t\t\t\t\t\t\t\t\t\t<div class=\"menu-inner\">\n\t\t\t\t\t\t\t\t\t\t\t\t\t\t\t\t\t<div class=\"desc_our\" style=\"\">\n\t\t\t\t\t\t\t\t\t\t<span class=\"name\"><span class=\"title\" style=\"\">LES LIEGEOIS <\/span> <span class=\"price\" style=\"\">8,5 \u20ac<\/span><\/span>\n\t\t\t\t\t\t\t\t\t<\/div>\n\t\t\t\t\t\t\t\t\t<p style=\"\"><\/p>\n\t\t\t\t\t\t\t\t\t\t\t\t\t\t\t\t<\/div>\n\t\t\t\t\t\t\t\t\t\t\t\t\t\t\t<div class=\"menu-inner\">\n\t\t\t\t\t\t\t\t\t\t\t\t\t\t\t\t\t<div class=\"desc_our\" style=\"\">\n\t\t\t\t\t\t\t\t\t\t<span class=\"name\"><span class=\"title\" style=\"\">LA BOULE DE GLACE <\/span> <span class=\"price\" style=\"\">2,9 \u20ac<\/span><\/span>\n\t\t\t\t\t\t\t\t\t<\/div>\n\t\t\t\t\t\t\t\t\t<p style=\"\"><\/p>\n\t\t\t\t\t\t\t\t\t\t\t\t\t\t\t\t<\/div>\n\t\t\t\t\t\t\t\t\t\t\t\t\t\t\t<div class=\"menu-inner\">\n\t\t\t\t\t\t\t\t\t\t\t\t\t\t\t\t\t<div class=\"desc_our\" style=\"\">\n\t\t\t\t\t\t\t\t\t\t<span class=\"name\"><span class=\"title\" style=\"\">ASSIETTE DE FROMAGES ITALIENNE <\/span> <span class=\"price\" style=\"\">8,5 \u20ac<\/span><\/span>\n\t\t\t\t\t\t\t\t\t<\/div>\n\t\t\t\t\t\t\t\t\t<p style=\"\"><\/p>\n\t\t\t\t\t\t\t\t\t\t\t\t\t\t\t\t<\/div>\n\t\t\t\t\t\t\t\t\t\t\t\t\t\t\t<div class=\"menu-inner\">\n\t\t\t\t\t\t\t\t\t\t\t\t\t\t\t\t\t<div class=\"desc_our\" style=\"\">\n\t\t\t\t\t\t\t\t\t\t<span class=\"name\"><span class=\"title\" style=\"\">AFFOGATO <\/span> <span class=\"price\" style=\"\">8,5 \u20ac<\/span><\/span>\n\t\t\t\t\t\t\t\t\t<\/div>\n\t\t\t\t\t\t\t\t\t<p style=\"\"><\/p>\n\t\t\t\t\t\t\t\t\t\t\t\t\t\t\t\t<\/div>\n\t\t\t\t\t\t\t\t\t\t\t\t<\/div>\n\n\t\t\t\t<\/div>\n\t\t\t<\/div>\n\n\t\t<\/section>\n\n\t\t\t<\/div>\n\t\t\t\t<\/div>\n\t\t\t\t\t\t<\/div>\n\t\t\t\t\t<\/div>\n\t\t<\/div>\n\t\t\t\t\t\t\t\t<\/div>\n\t\t\t\t\t<\/div>\n\t\t<\/section>\n\t\t\t\t\t\t<\/div>\n\t\t\t\t\t\t<\/div>\n\t\t\t\t\t<\/div>\n\t\t","protected":false},"excerpt":{"rendered":"<p>Our Menu STARTERS CALAMARS FRITS DIT 12 \u20ac \u00ab \u00c0 La Malaguena \u00bb SALADE CESAR 13 \u20ac La Classique Volaille SALADE CESAR 14 \u20ac Gambas Pan\u00e9es CUIT ET CRU 15 \u20ac De proscuitto Toast de Focaccia L\u2019\u0152UF PARFAIT PLEIN AIR 13 \u20ac L\u00e9gumes Du Soleil, Jus De Ratatouille, Chips De Pancetta MAIN DISHES BLANC D\u2019ENCORNET [&hellip;]<\/p>\n","protected":false},"author":1,"featured_media":0,"parent":0,"menu_order":0,"comment_status":"closed","ping_status":"closed","template":"","meta":[],"_links":{"self":[{"href":"https:\/\/www.bistrot-pastiere.fr\/en\/wp-json\/wp\/v2\/pages\/3496"}],"collection":[{"href":"https:\/\/www.bistrot-pastiere.fr\/en\/wp-json\/wp\/v2\/pages"}],"about":[{"href":"https:\/\/www.bistrot-pastiere.fr\/en\/wp-json\/wp\/v2\/types\/page"}],"author":[{"embeddable":true,"href":"https:\/\/www.bistrot-pastiere.fr\/en\/wp-json\/wp\/v2\/users\/1"}],"replies":[{"embeddable":true,"href":"https:\/\/www.bistrot-pastiere.fr\/en\/wp-json\/wp\/v2\/comments?post=3496"}],"version-history":[{"count":3,"href":"https:\/\/www.bistrot-pastiere.fr\/en\/wp-json\/wp\/v2\/pages\/3496\/revisions"}],"predecessor-version":[{"id":3507,"href":"https:\/\/www.bistrot-pastiere.fr\/en\/wp-json\/wp\/v2\/pages\/3496\/revisions\/3507"}],"wp:attachment":[{"href":"https:\/\/www.bistrot-pastiere.fr\/en\/wp-json\/wp\/v2\/media?parent=3496"}],"curies":[{"name":"wp","href":"https:\/\/api.w.org\/{rel}","templated":true}]}}