{"id":3508,"date":"2020-11-24T13:39:47","date_gmt":"2020-11-24T12:39:47","guid":{"rendered":"http:\/\/agence-petit-gastronome.fr\/dev\/reon\/vente-a-emporter\/"},"modified":"2021-02-12T00:21:24","modified_gmt":"2021-02-11T23:21:24","slug":"vente-a-emporter","status":"publish","type":"page","link":"https:\/\/www.bistrot-pastiere.fr\/en\/vente-a-emporter\/","title":{"rendered":"Take Away"},"content":{"rendered":"\t\t<div data-elementor-type=\"wp-post\" data-elementor-id=\"3508\" class=\"elementor elementor-3508\" data-elementor-settings=\"[]\">\n\t\t\t\t\t\t<div class=\"elementor-inner\">\n\t\t\t\t\t\t\t<div class=\"elementor-section-wrap\">\n\t\t\t\t\t\t\t<section class=\"elementor-section elementor-top-section elementor-element elementor-element-550f445 elementor-section-full_width elementor-section-height-default elementor-section-height-default\" data-id=\"550f445\" data-element_type=\"section\">\n\t\t\t\t\t\t<div class=\"elementor-container elementor-column-gap-no\">\n\t\t\t\t\t\t\t<div class=\"elementor-row\">\n\t\t\t\t\t<div class=\"elementor-column elementor-col-100 elementor-top-column elementor-element elementor-element-ce28d70\" data-id=\"ce28d70\" data-element_type=\"column\">\n\t\t\t<div class=\"elementor-column-wrap elementor-element-populated\">\n\t\t\t\t\t\t\t<div class=\"elementor-widget-wrap\">\n\t\t\t\t\t\t<div class=\"elementor-element elementor-element-b2b0135 elementor-widget elementor-widget-ova_heading\" data-id=\"b2b0135\" data-element_type=\"widget\" data-widget_type=\"ova_heading.default\">\n\t\t\t\t<div class=\"elementor-widget-container\">\n\t\t\t\t\t\t\t<section class=\"breadcrumb-menu-v2 breadcrumb-section section-box\" style=\"background-image: url(http:\/\/www.bistrot-pastiere.fr\/wp-content\/uploads\/2021\/01\/vae.jpg)\">\n\t\t\t\t<div class=\"container\">\n\t\t\t\t\t<div class=\"breadcrumb-inner\">\n\t\t\t\t\t\t\t\t\t\t\t\t\t<h1>Take Away<\/h1>\n\t\t\t\t\t\t\t\t\t\t\t\t\t\t\t\t\t<\/div>\t\n\t\t\t\t<\/div>\n\t\t\t<\/section>\n\t\t\t\t\t<\/div>\n\t\t\t\t<\/div>\n\t\t\t\t\t\t<\/div>\n\t\t\t\t\t<\/div>\n\t\t<\/div>\n\t\t\t\t\t\t\t\t<\/div>\n\t\t\t\t\t<\/div>\n\t\t<\/section>\n\t\t\t\t<section class=\"elementor-section elementor-top-section elementor-element elementor-element-5b9cd27 elementor-section-boxed elementor-section-height-default elementor-section-height-default\" data-id=\"5b9cd27\" data-element_type=\"section\">\n\t\t\t\t\t\t<div class=\"elementor-container elementor-column-gap-wide\">\n\t\t\t\t\t\t\t<div class=\"elementor-row\">\n\t\t\t\t\t<div class=\"elementor-column elementor-col-50 elementor-top-column elementor-element elementor-element-4c3ae6b\" data-id=\"4c3ae6b\" data-element_type=\"column\">\n\t\t\t<div class=\"elementor-column-wrap elementor-element-populated\">\n\t\t\t\t\t\t\t<div class=\"elementor-widget-wrap\">\n\t\t\t\t\t\t<div class=\"elementor-element elementor-element-f5f124e elementor-widget elementor-widget-ova_our_menu_v1\" data-id=\"f5f124e\" data-element_type=\"widget\" id=\"vente\" data-widget_type=\"ova_our_menu_v1.default\">\n\t\t\t\t<div class=\"elementor-widget-container\">\n\t\t\t\n\t\t<section class=\"menu-v1-section menu-hp-2\">\n\t\t\t\n\t\t\t<div class=\"container\">\n\t\t\t\t<div class=\"row\">\n\n\t\t\t\t\t<div class=\"grid-item\">\n\t\t\t\t\t\t<div class=\"icon starter\">\n\t\t\t\t\t\t\t<figure><img src=\"https:\/\/www.bistrot-pastiere.fr\/wp-content\/uploads\/2020\/11\/testDinner.png\" title=\"testDinner\" alt=\"testDinner\" \/><\/figure>\n\t\t\t\t\t\t<\/div>\n\t\t\t\t\t\t<h3><a  >STARTERS<\/a><\/h3>\n\t\t\t\t\t\t\t\t\t\t\t\t\t\t<div class=\"menu-inner\">\n\t\t\t\t\t\t\t\t\t\t\t\t\t\t\t\t\t<div class=\"desc_our\" style=\"\">\n\t\t\t\t\t\t\t\t\t\t<span class=\"name\"><span class=\"title\" style=\"\">Salade C\u00e9sar Classique volaille <\/span> <span class=\"price\" style=\"\">8 \u20ac<\/span><\/span>\n\t\t\t\t\t\t\t\t\t<\/div>\n\t\t\t\t\t\t\t\t\t<p style=\"\"><\/p>\n\t\t\t\t\t\t\t\t\t\t\t\t\t\t\t\t<\/div>\n\t\t\t\t\t\t\t\t\t\t\t\t\t\t\t<div class=\"menu-inner\">\n\t\t\t\t\t\t\t\t\t\t\t\t\t\t\t\t\t<div class=\"desc_our\" style=\"\">\n\t\t\t\t\t\t\t\t\t\t<span class=\"name\"><span class=\"title\" style=\"\">Salade C\u00e9sar Gambas <\/span> <span class=\"price\" style=\"\">9,5 \u20ac<\/span><\/span>\n\t\t\t\t\t\t\t\t\t<\/div>\n\t\t\t\t\t\t\t\t\t<p style=\"\"><\/p>\n\t\t\t\t\t\t\t\t\t\t\t\t\t\t\t\t<\/div>\n\t\t\t\t\t\t\t\t\t\t\t\t\t\t\t<div class=\"menu-inner\">\n\t\t\t\t\t\t\t\t\t\t\t\t\t\t\t\t\t<div class=\"desc_our\" style=\"\">\n\t\t\t\t\t\t\t\t\t\t<span class=\"name\"><span class=\"title\" style=\"\">Bruschettas \u00e0 partager <\/span> <span class=\"price\" style=\"\">14 \u20ac<\/span><\/span>\n\t\t\t\t\t\t\t\t\t<\/div>\n\t\t\t\t\t\t\t\t\t<p style=\"\">1 jambon cru San danielle, <br>1 jambon blanc truff\u00e9, <br>1 vitello tonnato<\/p>\n\t\t\t\t\t\t\t\t\t\t\t\t\t\t\t\t<\/div>\n\t\t\t\t\t\t\t\t\t\t\t\t\t\t\t<div class=\"menu-inner\">\n\t\t\t\t\t\t\t\t\t\t\t\t\t\t\t\t\t<div class=\"desc_our\" style=\"\">\n\t\t\t\t\t\t\t\t\t\t<span class=\"name\"><span class=\"title\" style=\"\">Potage de l\u00e9gumes <\/span> <span class=\"price\" style=\"\">9 \u20ac<\/span><\/span>\n\t\t\t\t\t\t\t\t\t<\/div>\n\t\t\t\t\t\t\t\t\t<p style=\"\">cro\u00fbtons et cr\u00e8me mont\u00e9e<br>\n(vendu au litre, bocal consign\u00e9)<\/p>\n\t\t\t\t\t\t\t\t\t\t\t\t\t\t\t\t<\/div>\n\t\t\t\t\t\t\t\t\t\t\t\t<\/div>\n\n\t\t\t\t<\/div>\n\t\t\t<\/div>\n\n\t\t<\/section>\n\n\t\t\t<\/div>\n\t\t\t\t<\/div>\n\t\t\t\t\t\t<\/div>\n\t\t\t\t\t<\/div>\n\t\t<\/div>\n\t\t\t\t<div class=\"elementor-column elementor-col-50 elementor-top-column elementor-element elementor-element-1655ae0\" data-id=\"1655ae0\" data-element_type=\"column\">\n\t\t\t<div class=\"elementor-column-wrap elementor-element-populated\">\n\t\t\t\t\t\t\t<div class=\"elementor-widget-wrap\">\n\t\t\t\t\t\t<div class=\"elementor-element elementor-element-3068cf7 elementor-widget elementor-widget-ova_our_menu_v1\" data-id=\"3068cf7\" data-element_type=\"widget\" data-widget_type=\"ova_our_menu_v1.default\">\n\t\t\t\t<div class=\"elementor-widget-container\">\n\t\t\t\n\t\t<section class=\"menu-v1-section menu-hp-2\">\n\t\t\t\n\t\t\t<div class=\"container\">\n\t\t\t\t<div class=\"row\">\n\n\t\t\t\t\t<div class=\"grid-item\">\n\t\t\t\t\t\t<div class=\"icon starter\">\n\t\t\t\t\t\t\t<figure><img src=\"https:\/\/www.bistrot-pastiere.fr\/wp-content\/uploads\/2020\/11\/dining-meal-covered.png\" title=\"dining-meal-covered\" alt=\"dining-meal-covered\" \/><\/figure>\n\t\t\t\t\t\t<\/div>\n\t\t\t\t\t\t<h3><a  >MAIN DISHES<\/a><\/h3>\n\t\t\t\t\t\t\t\t\t\t\t\t\t\t<div class=\"menu-inner\">\n\t\t\t\t\t\t\t\t\t\t\t\t\t\t\t\t\t<div class=\"desc_our\" style=\"\">\n\t\t\t\t\t\t\t\t\t\t<span class=\"name\"><span class=\"title\" style=\"\">Encornet farci, <\/span> <span class=\"price\" style=\"\">12 \u20ac<\/span><\/span>\n\t\t\t\t\t\t\t\t\t<\/div>\n\t\t\t\t\t\t\t\t\t<p style=\"\"> L\u00e9gumes du moment<\/p>\n\t\t\t\t\t\t\t\t\t\t\t\t\t\t\t\t<\/div>\n\t\t\t\t\t\t\t\t\t\t\t\t\t\t\t<div class=\"menu-inner\">\n\t\t\t\t\t\t\t\t\t\t\t\t\t\t\t\t\t<div class=\"desc_our\" style=\"\">\n\t\t\t\t\t\t\t\t\t\t<span class=\"name\"><span class=\"title\" style=\"\">Andouillette cochon Ventoux <\/span> <span class=\"price\" style=\"\">12 \u20ac<\/span><\/span>\n\t\t\t\t\t\t\t\t\t<\/div>\n\t\t\t\t\t\t\t\t\t<p style=\"\">Grenailles r\u00f4ties, <br>Cr\u00e8me de moutarde \u00e0 l\u2019ancienne<\/p>\n\t\t\t\t\t\t\t\t\t\t\t\t\t\t\t\t<\/div>\n\t\t\t\t\t\t\t\t\t\t\t\t\t\t\t<div class=\"menu-inner\">\n\t\t\t\t\t\t\t\t\t\t\t\t\t\t\t\t\t<div class=\"desc_our\" style=\"\">\n\t\t\t\t\t\t\t\t\t\t<span class=\"name\"><span class=\"title\" style=\"\">Osso-bucco de veau en gr\u00e9molada <\/span> <span class=\"price\" style=\"\">12 \u20ac<\/span><\/span>\n\t\t\t\t\t\t\t\t\t<\/div>\n\t\t\t\t\t\t\t\t\t<p style=\"\">Risotto d\u2019\u00e9peautre au parmesan<\/p>\n\t\t\t\t\t\t\t\t\t\t\t\t\t\t\t\t<\/div>\n\t\t\t\t\t\t\t\t\t\t\t\t\t\t\t<div class=\"menu-inner\">\n\t\t\t\t\t\t\t\t\t\t\t\t\t\t\t\t\t<div class=\"desc_our\" style=\"\">\n\t\t\t\t\t\t\t\t\t\t<span class=\"name\"><span class=\"title\" style=\"\">Demi-magret de canard <\/span> <span class=\"price\" style=\"\">12 \u20ac<\/span><\/span>\n\t\t\t\t\t\t\t\t\t<\/div>\n\t\t\t\t\t\t\t\t\t<p style=\"\">Gnocchi aux herbes fra\u00eeches, <br>jus de viande au Porto<\/p>\n\t\t\t\t\t\t\t\t\t\t\t\t\t\t\t\t<\/div>\n\t\t\t\t\t\t\t\t\t\t\t\t<\/div>\n\n\t\t\t\t<\/div>\n\t\t\t<\/div>\n\n\t\t<\/section>\n\n\t\t\t<\/div>\n\t\t\t\t<\/div>\n\t\t\t\t\t\t<\/div>\n\t\t\t\t\t<\/div>\n\t\t<\/div>\n\t\t\t\t\t\t\t\t<\/div>\n\t\t\t\t\t<\/div>\n\t\t<\/section>\n\t\t\t\t<section class=\"elementor-section elementor-top-section elementor-element elementor-element-2481372 elementor-section-boxed elementor-section-height-default elementor-section-height-default\" data-id=\"2481372\" data-element_type=\"section\">\n\t\t\t\t\t\t<div class=\"elementor-container elementor-column-gap-wide\">\n\t\t\t\t\t\t\t<div class=\"elementor-row\">\n\t\t\t\t\t<div class=\"elementor-column elementor-col-50 elementor-top-column elementor-element elementor-element-a524d51\" data-id=\"a524d51\" data-element_type=\"column\">\n\t\t\t<div class=\"elementor-column-wrap elementor-element-populated\">\n\t\t\t\t\t\t\t<div class=\"elementor-widget-wrap\">\n\t\t\t\t\t\t<div class=\"elementor-element elementor-element-b793e3f elementor-widget elementor-widget-ova_our_menu_v1\" data-id=\"b793e3f\" data-element_type=\"widget\" data-widget_type=\"ova_our_menu_v1.default\">\n\t\t\t\t<div class=\"elementor-widget-container\">\n\t\t\t\n\t\t<section class=\"menu-v1-section menu-hp-2\">\n\t\t\t\n\t\t\t<div class=\"container\">\n\t\t\t\t<div class=\"row\">\n\n\t\t\t\t\t<div class=\"grid-item\">\n\t\t\t\t\t\t<div class=\"icon starter\">\n\t\t\t\t\t\t\t<figure><img src=\"https:\/\/www.bistrot-pastiere.fr\/wp-content\/uploads\/2020\/11\/plate-knife-and-fork.png\" title=\"plate-knife-and-fork\" alt=\"plate-knife-and-fork\" \/><\/figure>\n\t\t\t\t\t\t<\/div>\n\t\t\t\t\t\t<h3><a  >SIDE DISHES<\/a><\/h3>\n\t\t\t\t\t\t\t\t\t\t\t\t\t\t<div class=\"menu-inner\">\n\t\t\t\t\t\t\t\t\t\t\t\t\t\t\t\t\t<div class=\"desc_our\" style=\"\">\n\t\t\t\t\t\t\t\t\t\t<span class=\"name\"><span class=\"title\" style=\"\">Frites fra\u00eeches maison <\/span> <span class=\"price\" style=\"\">5 \u20ac<\/span><\/span>\n\t\t\t\t\t\t\t\t\t<\/div>\n\t\t\t\t\t\t\t\t\t<p style=\"\"><\/p>\n\t\t\t\t\t\t\t\t\t\t\t\t\t\t\t\t<\/div>\n\t\t\t\t\t\t\t\t\t\t\t\t<\/div>\n\n\t\t\t\t<\/div>\n\t\t\t<\/div>\n\n\t\t<\/section>\n\n\t\t\t<\/div>\n\t\t\t\t<\/div>\n\t\t\t\t\t\t<\/div>\n\t\t\t\t\t<\/div>\n\t\t<\/div>\n\t\t\t\t<div class=\"elementor-column elementor-col-50 elementor-top-column elementor-element elementor-element-1c7f493\" data-id=\"1c7f493\" data-element_type=\"column\">\n\t\t\t<div class=\"elementor-column-wrap elementor-element-populated\">\n\t\t\t\t\t\t\t<div class=\"elementor-widget-wrap\">\n\t\t\t\t\t\t<div class=\"elementor-element elementor-element-38eac5f elementor-widget elementor-widget-ova_our_menu_v1\" data-id=\"38eac5f\" data-element_type=\"widget\" data-widget_type=\"ova_our_menu_v1.default\">\n\t\t\t\t<div class=\"elementor-widget-container\">\n\t\t\t\n\t\t<section class=\"menu-v1-section menu-hp-2\">\n\t\t\t\n\t\t\t<div class=\"container\">\n\t\t\t\t<div class=\"row\">\n\n\t\t\t\t\t<div class=\"grid-item\">\n\t\t\t\t\t\t<div class=\"icon starter\">\n\t\t\t\t\t\t\t<figure><img src=\"https:\/\/www.bistrot-pastiere.fr\/wp-content\/uploads\/2020\/11\/cakeTest.png\" title=\"cakeTest\" alt=\"cakeTest\" \/><\/figure>\n\t\t\t\t\t\t<\/div>\n\t\t\t\t\t\t<h3><a  >DESSERTS<\/a><\/h3>\n\t\t\t\t\t\t\t\t\t\t\t\t\t\t<div class=\"menu-inner\">\n\t\t\t\t\t\t\t\t\t\t\t\t\t\t\t\t\t<div class=\"desc_our\" style=\"\">\n\t\t\t\t\t\t\t\t\t\t<span class=\"name\"><span class=\"title\" style=\"\">Tiramisu du bistrot <\/span> <span class=\"price\" style=\"\">4 \u20ac<\/span><\/span>\n\t\t\t\t\t\t\t\t\t<\/div>\n\t\t\t\t\t\t\t\t\t<p style=\"\">caf\u00e9-Marsala<\/p>\n\t\t\t\t\t\t\t\t\t\t\t\t\t\t\t\t<\/div>\n\t\t\t\t\t\t\t\t\t\t\t\t\t\t\t<div class=\"menu-inner\">\n\t\t\t\t\t\t\t\t\t\t\t\t\t\t\t\t\t<div class=\"desc_our\" style=\"\">\n\t\t\t\t\t\t\t\t\t\t<span class=\"name\"><span class=\"title\" style=\"\">Mousse au chocolat <\/span> <span class=\"price\" style=\"\">4 \u20ac<\/span><\/span>\n\t\t\t\t\t\t\t\t\t<\/div>\n\t\t\t\t\t\t\t\t\t<p style=\"\"><\/p>\n\t\t\t\t\t\t\t\t\t\t\t\t\t\t\t\t<\/div>\n\t\t\t\t\t\t\t\t\t\t\t\t<\/div>\n\n\t\t\t\t<\/div>\n\t\t\t<\/div>\n\n\t\t<\/section>\n\n\t\t\t<\/div>\n\t\t\t\t<\/div>\n\t\t\t\t\t\t<\/div>\n\t\t\t\t\t<\/div>\n\t\t<\/div>\n\t\t\t\t\t\t\t\t<\/div>\n\t\t\t\t\t<\/div>\n\t\t<\/section>\n\t\t\t\t<section class=\"elementor-section elementor-top-section elementor-element elementor-element-9180fb1 elementor-section-boxed elementor-section-height-default elementor-section-height-default\" data-id=\"9180fb1\" data-element_type=\"section\">\n\t\t\t\t\t\t<div class=\"elementor-container elementor-column-gap-default\">\n\t\t\t\t\t\t\t<div class=\"elementor-row\">\n\t\t\t\t\t<div class=\"elementor-column elementor-col-33 elementor-top-column elementor-element elementor-element-4413129\" data-id=\"4413129\" data-element_type=\"column\">\n\t\t\t<div class=\"elementor-column-wrap\">\n\t\t\t\t\t\t\t<div class=\"elementor-widget-wrap\">\n\t\t\t\t\t\t\t\t<\/div>\n\t\t\t\t\t<\/div>\n\t\t<\/div>\n\t\t\t\t<div class=\"elementor-column elementor-col-33 elementor-top-column elementor-element elementor-element-deb1d41\" data-id=\"deb1d41\" data-element_type=\"column\">\n\t\t\t<div class=\"elementor-column-wrap elementor-element-populated\">\n\t\t\t\t\t\t\t<div class=\"elementor-widget-wrap\">\n\t\t\t\t\t\t<div class=\"elementor-element elementor-element-ae6c2ed elementor-widget elementor-widget-ova_our_menu_v1\" data-id=\"ae6c2ed\" data-element_type=\"widget\" id=\"pizza\" data-widget_type=\"ova_our_menu_v1.default\">\n\t\t\t\t<div class=\"elementor-widget-container\">\n\t\t\t\n\t\t<section class=\"menu-v1-section menu-hp-2\">\n\t\t\t\n\t\t\t<div class=\"container\">\n\t\t\t\t<div class=\"row\">\n\n\t\t\t\t\t<div class=\"grid-item\">\n\t\t\t\t\t\t<div class=\"icon starter\">\n\t\t\t\t\t\t\t<figure><img src=\"https:\/\/www.bistrot-pastiere.fr\/wp-content\/uploads\/2020\/11\/pizza3.png\" title=\"pizza3\" alt=\"pizza3\" \/><\/figure>\n\t\t\t\t\t\t<\/div>\n\t\t\t\t\t\t<h3><a  >PIZZAS<\/a><\/h3>\n\t\t\t\t\t\t\t\t\t\t\t\t\t\t<div class=\"menu-inner\">\n\t\t\t\t\t\t\t\t\t\t\t\t\t\t\t\t\t<div class=\"desc_our\" style=\"\">\n\t\t\t\t\t\t\t\t\t\t<span class=\"name\"><span class=\"title\" style=\"\">Bistrot <\/span> <span class=\"price\" style=\"\">10 \u20ac<\/span><\/span>\n\t\t\t\t\t\t\t\t\t<\/div>\n\t\t\t\t\t\t\t\t\t<p style=\"\">Tomate, champignons de Paris, artichaut coeur, <br>jambon\ncru San Danielle, emmental, roquette, olives<\/p>\n\t\t\t\t\t\t\t\t\t\t\t\t\t\t\t\t<\/div>\n\t\t\t\t\t\t\t\t\t\t\t\t\t\t\t<div class=\"menu-inner\">\n\t\t\t\t\t\t\t\t\t\t\t\t\t\t\t\t\t<div class=\"desc_our\" style=\"\">\n\t\t\t\t\t\t\t\t\t\t<span class=\"name\"><span class=\"title\" style=\"\">Marguerita <\/span> <span class=\"price\" style=\"\">10 \u20ac<\/span><\/span>\n\t\t\t\t\t\t\t\t\t<\/div>\n\t\t\t\t\t\t\t\t\t<p style=\"\">Tomate, tomates cerises confites, <br>mozzarella, olives, pistou,\nemmental<\/p>\n\t\t\t\t\t\t\t\t\t\t\t\t\t\t\t\t<\/div>\n\t\t\t\t\t\t\t\t\t\t\t\t\t\t\t<div class=\"menu-inner\">\n\t\t\t\t\t\t\t\t\t\t\t\t\t\t\t\t\t<div class=\"desc_our\" style=\"\">\n\t\t\t\t\t\t\t\t\t\t<span class=\"name\"><span class=\"title\" style=\"\">Reale <\/span> <span class=\"price\" style=\"\">10 \u20ac<\/span><\/span>\n\t\t\t\t\t\t\t\t\t<\/div>\n\t\t\t\t\t\t\t\t\t<p style=\"\">Tomate, jambon blanc italien, mozzarella, <br>champignons,\nolives, emmental<\/p>\n\t\t\t\t\t\t\t\t\t\t\t\t\t\t\t\t<\/div>\n\t\t\t\t\t\t\t\t\t\t\t\t\t\t\t<div class=\"menu-inner\">\n\t\t\t\t\t\t\t\t\t\t\t\t\t\t\t\t\t<div class=\"desc_our\" style=\"\">\n\t\t\t\t\t\t\t\t\t\t<span class=\"name\"><span class=\"title\" style=\"\">Tutti i formaggi <\/span> <span class=\"price\" style=\"\">10 \u20ac<\/span><\/span>\n\t\t\t\t\t\t\t\t\t<\/div>\n\t\t\t\t\t\t\t\t\t<p style=\"\">Tomate, cr\u00e8me de gorgonzola, mozzarella, ch\u00e8vre b\u00fbchette,\n<br>emmental, olives, salade de saison<\/p>\n\t\t\t\t\t\t\t\t\t\t\t\t\t\t\t\t<\/div>\n\t\t\t\t\t\t\t\t\t\t\t\t\t\t\t<div class=\"menu-inner\">\n\t\t\t\t\t\t\t\t\t\t\t\t\t\t\t\t\t<div class=\"desc_our\" style=\"\">\n\t\t\t\t\t\t\t\t\t\t<span class=\"name\"><span class=\"title\" style=\"\">Cabrera <\/span> <span class=\"price\" style=\"\">10 \u20ac<\/span><\/span>\n\t\t\t\t\t\t\t\t\t<\/div>\n\t\t\t\t\t\t\t\t\t<p style=\"\">Mascarpone ou Tomate, ch\u00e8vre, miel, ciboulette<\/p>\n\t\t\t\t\t\t\t\t\t\t\t\t\t\t\t\t<\/div>\n\t\t\t\t\t\t\t\t\t\t\t\t\t\t\t<div class=\"menu-inner\">\n\t\t\t\t\t\t\t\t\t\t\t\t\t\t\t\t\t<div class=\"desc_our\" style=\"\">\n\t\t\t\t\t\t\t\t\t\t<span class=\"name\"><span class=\"title\" style=\"\">Napoli <\/span> <span class=\"price\" style=\"\">10 \u20ac<\/span><\/span>\n\t\t\t\t\t\t\t\t\t<\/div>\n\t\t\t\t\t\t\t\t\t<p style=\"\">Tomate, Anchois, c\u00e2pres queue, olives noires<\/p>\n\t\t\t\t\t\t\t\t\t\t\t\t\t\t\t\t<\/div>\n\t\t\t\t\t\t\t\t\t\t\t\t\t\t\t<div class=\"menu-inner\">\n\t\t\t\t\t\t\t\t\t\t\t\t\t\t\t\t\t<div class=\"desc_our\" style=\"\">\n\t\t\t\t\t\t\t\t\t\t<span class=\"name\"><span class=\"title\" style=\"\">Mediterraneo <\/span> <span class=\"price\" style=\"\">10 \u20ac<\/span><\/span>\n\t\t\t\t\t\t\t\t\t<\/div>\n\t\t\t\t\t\t\t\t\t<p style=\"\">Tomate, mijot\u00e9e oignons \/ poivrons, spianata, <br>saucisses\nitaliennes, emmental, olives noires<\/p>\n\t\t\t\t\t\t\t\t\t\t\t\t\t\t\t\t<\/div>\n\t\t\t\t\t\t\t\t\t\t\t\t\t\t\t<div class=\"menu-inner\">\n\t\t\t\t\t\t\t\t\t\t\t\t\t\t\t\t\t<div class=\"desc_our\" style=\"\">\n\t\t\t\t\t\t\t\t\t\t<span class=\"name\"><span class=\"title\" style=\"\">Bianca <\/span> <span class=\"price\" style=\"\">10 \u20ac<\/span><\/span>\n\t\t\t\t\t\t\t\t\t<\/div>\n\t\t\t\t\t\t\t\t\t<p style=\"\">Mascarpone, oignons balsamiques, pancetta, <br>jambon blanc\ntruff\u00e9, gorgonzola, taleggio, emmental, olives noires<\/p>\n\t\t\t\t\t\t\t\t\t\t\t\t\t\t\t\t<\/div>\n\t\t\t\t\t\t\t\t\t\t\t\t\t\t\t<div class=\"menu-inner\">\n\t\t\t\t\t\t\t\t\t\t\t\t\t\t\t\t\t<div class=\"desc_our\" style=\"\">\n\t\t\t\t\t\t\t\t\t\t<span class=\"name\"><span class=\"title\" style=\"\">Vegana <\/span> <span class=\"price\" style=\"\">10 \u20ac<\/span><\/span>\n\t\t\t\t\t\t\t\t\t<\/div>\n\t\t\t\t\t\t\t\t\t<p style=\"\">Tomate, l\u00e9gumes de saison, emmental, roquette, olives noires<\/p>\n\t\t\t\t\t\t\t\t\t\t\t\t\t\t\t\t<\/div>\n\t\t\t\t\t\t\t\t\t\t\t\t\t\t\t<div class=\"menu-inner\">\n\t\t\t\t\t\t\t\t\t\t\t\t\t\t\t\t\t<div class=\"desc_our\" style=\"\">\n\t\t\t\t\t\t\t\t\t\t<span class=\"name\"><span class=\"title\" style=\"\">Prosciutto <\/span> <span class=\"price\" style=\"\">10 \u20ac<\/span><\/span>\n\t\t\t\t\t\t\t\t\t<\/div>\n\t\t\t\t\t\t\t\t\t<p style=\"\">Tomate, emmental, mozzarella, jambon cru San Daniele,\n<br>copeaux de parmesan, roquette<\/p>\n\t\t\t\t\t\t\t\t\t\t\t\t\t\t\t\t<\/div>\n\t\t\t\t\t\t\t\t\t\t\t\t<\/div>\n\n\t\t\t\t<\/div>\n\t\t\t<\/div>\n\n\t\t<\/section>\n\n\t\t\t<\/div>\n\t\t\t\t<\/div>\n\t\t\t\t\t\t<\/div>\n\t\t\t\t\t<\/div>\n\t\t<\/div>\n\t\t\t\t<div class=\"elementor-column elementor-col-33 elementor-top-column elementor-element elementor-element-d2fd629\" data-id=\"d2fd629\" data-element_type=\"column\">\n\t\t\t<div class=\"elementor-column-wrap\">\n\t\t\t\t\t\t\t<div class=\"elementor-widget-wrap\">\n\t\t\t\t\t\t\t\t<\/div>\n\t\t\t\t\t<\/div>\n\t\t<\/div>\n\t\t\t\t\t\t\t\t<\/div>\n\t\t\t\t\t<\/div>\n\t\t<\/section>\n\t\t\t\t<section class=\"elementor-section elementor-top-section elementor-element elementor-element-69d0ce0 elementor-section-boxed elementor-section-height-default elementor-section-height-default\" data-id=\"69d0ce0\" data-element_type=\"section\" data-settings=\"{&quot;background_background&quot;:&quot;classic&quot;}\">\n\t\t\t\t\t\t<div class=\"elementor-container elementor-column-gap-default\">\n\t\t\t\t\t\t\t<div class=\"elementor-row\">\n\t\t\t\t\t<div class=\"elementor-column elementor-col-33 elementor-top-column elementor-element elementor-element-ee3f7b0\" data-id=\"ee3f7b0\" data-element_type=\"column\">\n\t\t\t<div class=\"elementor-column-wrap elementor-element-populated\">\n\t\t\t\t\t\t\t<div class=\"elementor-widget-wrap\">\n\t\t\t\t\t\t<div class=\"elementor-element elementor-element-d6f316e elementor-widget elementor-widget-ova_time_content\" data-id=\"d6f316e\" data-element_type=\"widget\" data-widget_type=\"ova_time_content.default\">\n\t\t\t\t<div class=\"elementor-widget-container\">\n\t\t\t\n\t\t<div class=\"ova_time_content\">\n\t\t\t<h4 class=\"time\">Hours<\/h4>\n\t\t\t<span class=\"content\">From Tuesday to Sunday 9 am to 6 pm\n<\/span>\n\t\t<\/div>\n\t\t\n\t\t\t\t<\/div>\n\t\t\t\t<\/div>\n\t\t\t\t\t\t<\/div>\n\t\t\t\t\t<\/div>\n\t\t<\/div>\n\t\t\t\t<div class=\"elementor-column elementor-col-33 elementor-top-column elementor-element elementor-element-d5dd8ea\" data-id=\"d5dd8ea\" data-element_type=\"column\">\n\t\t\t<div class=\"elementor-column-wrap elementor-element-populated\">\n\t\t\t\t\t\t\t<div class=\"elementor-widget-wrap\">\n\t\t\t\t\t\t<div class=\"elementor-element elementor-element-04e0078 elementor-widget elementor-widget-ova_time_content\" data-id=\"04e0078\" data-element_type=\"widget\" data-widget_type=\"ova_time_content.default\">\n\t\t\t\t<div class=\"elementor-widget-container\">\n\t\t\t\n\t\t<div class=\"ova_time_content\">\n\t\t\t<h4 class=\"time\">Booking<\/h4>\n\t\t\t<span class=\"content\">+33 4 90 22 40 95 or +33 6 44 30 32 04\n<\/span>\n\t\t<\/div>\n\t\t\n\t\t\t\t<\/div>\n\t\t\t\t<\/div>\n\t\t\t\t\t\t<\/div>\n\t\t\t\t\t<\/div>\n\t\t<\/div>\n\t\t\t\t<div class=\"elementor-column elementor-col-33 elementor-top-column elementor-element elementor-element-1f2efc4\" data-id=\"1f2efc4\" data-element_type=\"column\">\n\t\t\t<div class=\"elementor-column-wrap elementor-element-populated\">\n\t\t\t\t\t\t\t<div class=\"elementor-widget-wrap\">\n\t\t\t\t\t\t<div class=\"elementor-element elementor-element-9f65503 elementor-widget elementor-widget-ova_time_content\" data-id=\"9f65503\" data-element_type=\"widget\" data-widget_type=\"ova_time_content.default\">\n\t\t\t\t<div class=\"elementor-widget-container\">\n\t\t\t\n\t\t<div class=\"ova_time_content\">\n\t\t\t<h4 class=\"time\">Delivery<\/h4>\n\t\t\t<span class=\"content\">Delivery up to 8.30 pm<\/span>\n\t\t<\/div>\n\t\t\n\t\t\t\t<\/div>\n\t\t\t\t<\/div>\n\t\t\t\t<div class=\"elementor-element elementor-element-128452a elementor-widget elementor-widget-text-editor\" data-id=\"128452a\" data-element_type=\"widget\" data-widget_type=\"text-editor.default\">\n\t\t\t\t<div class=\"elementor-widget-container\">\n\t\t\t\t\t<div class=\"elementor-text-editor elementor-clearfix\"><center>Minimum order 30\u20ac<\/center><center>On Gadagne &amp; surroundings<\/center><\/div>\n\t\t\t\t<\/div>\n\t\t\t\t<\/div>\n\t\t\t\t\t\t<\/div>\n\t\t\t\t\t<\/div>\n\t\t<\/div>\n\t\t\t\t\t\t\t\t<\/div>\n\t\t\t\t\t<\/div>\n\t\t<\/section>\n\t\t\t\t\t\t<\/div>\n\t\t\t\t\t\t<\/div>\n\t\t\t\t\t<\/div>\n\t\t","protected":false},"excerpt":{"rendered":"<p>Take Away STARTERS Salade C\u00e9sar Classique volaille 8 \u20ac Salade C\u00e9sar Gambas 9,5 \u20ac Bruschettas \u00e0 partager 14 \u20ac 1 jambon cru San danielle, 1 jambon blanc truff\u00e9, 1 vitello tonnato Potage de l\u00e9gumes 9 \u20ac cro\u00fbtons et cr\u00e8me mont\u00e9e (vendu au litre, bocal consign\u00e9) MAIN DISHES Encornet farci, 12 \u20ac L\u00e9gumes du moment Andouillette [&hellip;]<\/p>\n","protected":false},"author":1,"featured_media":0,"parent":0,"menu_order":0,"comment_status":"closed","ping_status":"closed","template":"elementor_header_footer","meta":[],"_links":{"self":[{"href":"https:\/\/www.bistrot-pastiere.fr\/en\/wp-json\/wp\/v2\/pages\/3508"}],"collection":[{"href":"https:\/\/www.bistrot-pastiere.fr\/en\/wp-json\/wp\/v2\/pages"}],"about":[{"href":"https:\/\/www.bistrot-pastiere.fr\/en\/wp-json\/wp\/v2\/types\/page"}],"author":[{"embeddable":true,"href":"https:\/\/www.bistrot-pastiere.fr\/en\/wp-json\/wp\/v2\/users\/1"}],"replies":[{"embeddable":true,"href":"https:\/\/www.bistrot-pastiere.fr\/en\/wp-json\/wp\/v2\/comments?post=3508"}],"version-history":[{"count":3,"href":"https:\/\/www.bistrot-pastiere.fr\/en\/wp-json\/wp\/v2\/pages\/3508\/revisions"}],"predecessor-version":[{"id":3549,"href":"https:\/\/www.bistrot-pastiere.fr\/en\/wp-json\/wp\/v2\/pages\/3508\/revisions\/3549"}],"wp:attachment":[{"href":"https:\/\/www.bistrot-pastiere.fr\/en\/wp-json\/wp\/v2\/media?parent=3508"}],"curies":[{"name":"wp","href":"https:\/\/api.w.org\/{rel}","templated":true}]}}